{"id":15307,"date":"2023-06-02T13:31:27","date_gmt":"2023-06-02T13:31:27","guid":{"rendered":"https:\/\/store.rektor.no\/?product=wickham-lady-134019"},"modified":"2023-06-02T13:31:31","modified_gmt":"2023-06-02T13:31:31","slug":"wickham-lady-134019","status":"publish","type":"product","link":"https:\/\/store.rektor.no\/?product=wickham-lady-134019","title":{"rendered":"Wickham Lady &#8211; 134019"},"content":{"rendered":"<p>Artikelnummer:134019<\/p>\n","protected":false},"excerpt":{"rendered":"<p>Tofarget funksjons T-shirt i Cooldry. Cooldry\u2019s egenskaper gj\u00f8r at tr\u00f8yen puster og effektivt transporterer bort fukt. Dette gj\u00f8r at du holder deg t\u00f8rr og orker mer av din trening. Tight modell med spandex for beste passform. Finnes i dame- og herremodell.<\/p>\n","protected":false},"featured_media":15308,"template":"","meta":[],"product_cat":[431,433],"product_tag":[],"_links":{"self":[{"href":"https:\/\/store.rektor.no\/index.php?rest_route=\/wp\/v2\/product\/15307"}],"collection":[{"href":"https:\/\/store.rektor.no\/index.php?rest_route=\/wp\/v2\/product"}],"about":[{"href":"https:\/\/store.rektor.no\/index.php?rest_route=\/wp\/v2\/types\/product"}],"wp:featuredmedia":[{"embeddable":true,"href":"https:\/\/store.rektor.no\/index.php?rest_route=\/wp\/v2\/media\/15308"}],"wp:attachment":[{"href":"https:\/\/store.rektor.no\/index.php?rest_route=%2Fwp%2Fv2%2Fmedia&parent=15307"}],"wp:term":[{"taxonomy":"product_cat","embeddable":true,"href":"https:\/\/store.rektor.no\/index.php?rest_route=%2Fwp%2Fv2%2Fproduct_cat&post=15307"},{"taxonomy":"product_tag","embeddable":true,"href":"https:\/\/store.rektor.no\/index.php?rest_route=%2Fwp%2Fv2%2Fproduct_tag&post=15307"}],"curies":[{"name":"wp","href":"https:\/\/api.w.org\/{rel}","templated":true}]}}