{"id":15298,"date":"2023-06-02T13:31:02","date_gmt":"2023-06-02T13:31:02","guid":{"rendered":"https:\/\/store.rektor.no\/?product=anzac-lady-fz-collar-132513"},"modified":"2023-06-02T13:31:03","modified_gmt":"2023-06-02T13:31:03","slug":"anzac-lady-fz-collar-132513","status":"publish","type":"product","link":"https:\/\/store.rektor.no\/?product=anzac-lady-fz-collar-132513","title":{"rendered":"Anzac Lady FZ Collar &#8211; 132513"},"content":{"rendered":"<p>Artikelnummer:132513<\/p>\n","protected":false},"excerpt":{"rendered":"<p>Genser laget i et dobbeltstrikket materiale med ekstra stretch. Genseren er laget av et blandemateriale med bl. annet sertifisert resirkulert polyester. Sydde mansjetter i nederkant og ermeavslutninger. Formet dobbel krage. Glidel\u00e5s som g\u00e5r opp i kragen og frontlommer med dekorative, sorte glidel\u00e5ser. Genseren har raglanermer og litt lengre rygg, noe som gir en sv\u00e6rt god passform. Noe innsvinget modell.<\/p>\n","protected":false},"featured_media":15299,"template":"","meta":[],"product_cat":[429],"product_tag":[],"_links":{"self":[{"href":"https:\/\/store.rektor.no\/index.php?rest_route=\/wp\/v2\/product\/15298"}],"collection":[{"href":"https:\/\/store.rektor.no\/index.php?rest_route=\/wp\/v2\/product"}],"about":[{"href":"https:\/\/store.rektor.no\/index.php?rest_route=\/wp\/v2\/types\/product"}],"wp:featuredmedia":[{"embeddable":true,"href":"https:\/\/store.rektor.no\/index.php?rest_route=\/wp\/v2\/media\/15299"}],"wp:attachment":[{"href":"https:\/\/store.rektor.no\/index.php?rest_route=%2Fwp%2Fv2%2Fmedia&parent=15298"}],"wp:term":[{"taxonomy":"product_cat","embeddable":true,"href":"https:\/\/store.rektor.no\/index.php?rest_route=%2Fwp%2Fv2%2Fproduct_cat&post=15298"},{"taxonomy":"product_tag","embeddable":true,"href":"https:\/\/store.rektor.no\/index.php?rest_route=%2Fwp%2Fv2%2Fproduct_tag&post=15298"}],"curies":[{"name":"wp","href":"https:\/\/api.w.org\/{rel}","templated":true}]}}