{"id":15296,"date":"2023-06-02T13:30:58","date_gmt":"2023-06-02T13:30:58","guid":{"rendered":"https:\/\/store.rektor.no\/?product=anzac-fz-collar-132512"},"modified":"2023-06-02T13:31:02","modified_gmt":"2023-06-02T13:31:02","slug":"anzac-fz-collar-132512","status":"publish","type":"product","link":"https:\/\/store.rektor.no\/?product=anzac-fz-collar-132512","title":{"rendered":"Anzac FZ Collar &#8211; 132512"},"content":{"rendered":"<p>Artikelnummer:132512<\/p>\n","protected":false},"excerpt":{"rendered":"<p>Genser laget i et dobbeltstrikket materiale med ekstra stretch. Genseren er laget av et blandemateriale med bl. annet sertifisert resirkulert polyester. Sydde mansjetter i nederkant og ermeavslutninger. Formet dobbel krage. Glidel\u00e5s som g\u00e5r opp i kragen og frontlommer med dekorative, sorte glidel\u00e5ser. Genseren har raglanermer og litt lengre rygg, noe som gir en sv\u00e6rt god passform.<\/p>\n","protected":false},"featured_media":15297,"template":"","meta":[],"product_cat":[430,429],"product_tag":[],"_links":{"self":[{"href":"https:\/\/store.rektor.no\/index.php?rest_route=\/wp\/v2\/product\/15296"}],"collection":[{"href":"https:\/\/store.rektor.no\/index.php?rest_route=\/wp\/v2\/product"}],"about":[{"href":"https:\/\/store.rektor.no\/index.php?rest_route=\/wp\/v2\/types\/product"}],"wp:featuredmedia":[{"embeddable":true,"href":"https:\/\/store.rektor.no\/index.php?rest_route=\/wp\/v2\/media\/15297"}],"wp:attachment":[{"href":"https:\/\/store.rektor.no\/index.php?rest_route=%2Fwp%2Fv2%2Fmedia&parent=15296"}],"wp:term":[{"taxonomy":"product_cat","embeddable":true,"href":"https:\/\/store.rektor.no\/index.php?rest_route=%2Fwp%2Fv2%2Fproduct_cat&post=15296"},{"taxonomy":"product_tag","embeddable":true,"href":"https:\/\/store.rektor.no\/index.php?rest_route=%2Fwp%2Fv2%2Fproduct_tag&post=15296"}],"curies":[{"name":"wp","href":"https:\/\/api.w.org\/{rel}","templated":true}]}}