{"id":15292,"date":"2023-06-02T13:30:58","date_gmt":"2023-06-02T13:30:58","guid":{"rendered":"https:\/\/store.rektor.no\/?product=anzac-fz-hood-132510"},"modified":"2023-06-02T13:30:59","modified_gmt":"2023-06-02T13:30:59","slug":"anzac-fz-hood-132510","status":"publish","type":"product","link":"https:\/\/store.rektor.no\/?product=anzac-fz-hood-132510","title":{"rendered":"Anzac FZ Hood &#8211; 132510"},"content":{"rendered":"<p>Artikelnummer:132510<\/p>\n","protected":false},"excerpt":{"rendered":"<p>Hettegenser laget i et dobbeltstrikket materiale med ekstra stretch. Hettegenseren er laget av et blandemateriale med bl. annet sertifisert resirkulert polyester. Sydde mansjetter i nederkant og ermeavslutninger. Formsydd hette med doble s\u00f8mmer og sn\u00f8ring. Glidel\u00e5s som g\u00e5r opp i kragen og frontlommer med dekorative, sorte glidel\u00e5ser. Hettegenseren har raglanermer og litt lengre rygg, noe som gir en sv\u00e6rt god passform.<\/p>\n","protected":false},"featured_media":15293,"template":"","meta":[],"product_cat":[429],"product_tag":[],"_links":{"self":[{"href":"https:\/\/store.rektor.no\/index.php?rest_route=\/wp\/v2\/product\/15292"}],"collection":[{"href":"https:\/\/store.rektor.no\/index.php?rest_route=\/wp\/v2\/product"}],"about":[{"href":"https:\/\/store.rektor.no\/index.php?rest_route=\/wp\/v2\/types\/product"}],"wp:featuredmedia":[{"embeddable":true,"href":"https:\/\/store.rektor.no\/index.php?rest_route=\/wp\/v2\/media\/15293"}],"wp:attachment":[{"href":"https:\/\/store.rektor.no\/index.php?rest_route=%2Fwp%2Fv2%2Fmedia&parent=15292"}],"wp:term":[{"taxonomy":"product_cat","embeddable":true,"href":"https:\/\/store.rektor.no\/index.php?rest_route=%2Fwp%2Fv2%2Fproduct_cat&post=15292"},{"taxonomy":"product_tag","embeddable":true,"href":"https:\/\/store.rektor.no\/index.php?rest_route=%2Fwp%2Fv2%2Fproduct_tag&post=15292"}],"curies":[{"name":"wp","href":"https:\/\/api.w.org\/{rel}","templated":true}]}}