{"id":15286,"date":"2023-06-02T13:30:53","date_gmt":"2023-06-02T13:30:53","guid":{"rendered":"https:\/\/store.rektor.no\/?product=dundas-lady-parka-131543"},"modified":"2023-06-02T13:30:55","modified_gmt":"2023-06-02T13:30:55","slug":"dundas-lady-parka-131543","status":"publish","type":"product","link":"https:\/\/store.rektor.no\/?product=dundas-lady-parka-131543","title":{"rendered":"Dundas Lady Parka &#8211; 131543"},"content":{"rendered":"<p>Artikelnummer:131543<\/p>\n","protected":false},"excerpt":{"rendered":"<p>Kraftig, vattert parkas med avtagbar hette, helf\u00f4ret med sydde, brede kanaler. Laget av sertifisert resirkulert polyester som er vind- og vannavst\u00f8tende (WP5000\/MVP3000). Parkasen er etterbehandlet med Bionic Finish Eco, som gir en vannavvisende effekt. Parkasen kommer med skjult glidel\u00e5s som g\u00e5r opp i kragen, og frontlommer med glidel\u00e5s og klaffer. Tre innerlommer, hvorav den ene har glidel\u00e5s. Kraftig, skjult strikk rundt \u00e5pningen i hetten og ekstra mansjetter i ermeavslutningen. Innsvinget modell med sn\u00f8ring i midjen.<\/p>\n","protected":false},"featured_media":15287,"template":"","meta":[],"product_cat":[408],"product_tag":[],"_links":{"self":[{"href":"https:\/\/store.rektor.no\/index.php?rest_route=\/wp\/v2\/product\/15286"}],"collection":[{"href":"https:\/\/store.rektor.no\/index.php?rest_route=\/wp\/v2\/product"}],"about":[{"href":"https:\/\/store.rektor.no\/index.php?rest_route=\/wp\/v2\/types\/product"}],"wp:featuredmedia":[{"embeddable":true,"href":"https:\/\/store.rektor.no\/index.php?rest_route=\/wp\/v2\/media\/15287"}],"wp:attachment":[{"href":"https:\/\/store.rektor.no\/index.php?rest_route=%2Fwp%2Fv2%2Fmedia&parent=15286"}],"wp:term":[{"taxonomy":"product_cat","embeddable":true,"href":"https:\/\/store.rektor.no\/index.php?rest_route=%2Fwp%2Fv2%2Fproduct_cat&post=15286"},{"taxonomy":"product_tag","embeddable":true,"href":"https:\/\/store.rektor.no\/index.php?rest_route=%2Fwp%2Fv2%2Fproduct_tag&post=15286"}],"curies":[{"name":"wp","href":"https:\/\/api.w.org\/{rel}","templated":true}]}}