{"id":15284,"date":"2023-06-02T13:30:49","date_gmt":"2023-06-02T13:30:49","guid":{"rendered":"https:\/\/store.rektor.no\/?product=dundas-parka-131542"},"modified":"2023-06-02T13:30:54","modified_gmt":"2023-06-02T13:30:54","slug":"dundas-parka-131542","status":"publish","type":"product","link":"https:\/\/store.rektor.no\/?product=dundas-parka-131542","title":{"rendered":"Dundas Parka &#8211; 131542"},"content":{"rendered":"<p>Artikelnummer:131542<\/p>\n","protected":false},"excerpt":{"rendered":"<p>Kraftig, vattert parkas med avtagbar hette, helf\u00f4ret med sydde, brede kanaler. Laget av sertifisert resirkulert polyester som er vind- og vannavst\u00f8tende (WP5000\/MVP3000). Parkasen er etterbehandlet med Bionic Finish Eco, som gir en vannavvisende effekt. Parkasen kommer med skjult glidel\u00e5s som g\u00e5r opp i kragen, og frontlommer med glidel\u00e5s og klaffer. Tre innerlommer, hvorav den ene har glidel\u00e5s. Kraftig, skjult strikk rundt \u00e5pningen i hetten og ekstra mansjetter i ermeavslutningen.<\/p>\n","protected":false},"featured_media":15285,"template":"","meta":[],"product_cat":[408],"product_tag":[],"_links":{"self":[{"href":"https:\/\/store.rektor.no\/index.php?rest_route=\/wp\/v2\/product\/15284"}],"collection":[{"href":"https:\/\/store.rektor.no\/index.php?rest_route=\/wp\/v2\/product"}],"about":[{"href":"https:\/\/store.rektor.no\/index.php?rest_route=\/wp\/v2\/types\/product"}],"wp:featuredmedia":[{"embeddable":true,"href":"https:\/\/store.rektor.no\/index.php?rest_route=\/wp\/v2\/media\/15285"}],"wp:attachment":[{"href":"https:\/\/store.rektor.no\/index.php?rest_route=%2Fwp%2Fv2%2Fmedia&parent=15284"}],"wp:term":[{"taxonomy":"product_cat","embeddable":true,"href":"https:\/\/store.rektor.no\/index.php?rest_route=%2Fwp%2Fv2%2Fproduct_cat&post=15284"},{"taxonomy":"product_tag","embeddable":true,"href":"https:\/\/store.rektor.no\/index.php?rest_route=%2Fwp%2Fv2%2Fproduct_tag&post=15284"}],"curies":[{"name":"wp","href":"https:\/\/api.w.org\/{rel}","templated":true}]}}