{"id":15282,"date":"2023-06-02T13:30:49","date_gmt":"2023-06-02T13:30:49","guid":{"rendered":"https:\/\/store.rektor.no\/?product=dundas-lady-jacket-131541"},"modified":"2023-06-02T13:30:51","modified_gmt":"2023-06-02T13:30:51","slug":"dundas-lady-jacket-131541","status":"publish","type":"product","link":"https:\/\/store.rektor.no\/?product=dundas-lady-jacket-131541","title":{"rendered":"Dundas Lady Jacket &#8211; 131541"},"content":{"rendered":"<p>Artikelnummer:131541<\/p>\n","protected":false},"excerpt":{"rendered":"<p>Kraftig, vattert jakke med fastsittende hette, helf\u00f4ret med sydde, brede kanaler. Laget av sertifisert resirkulert polyester som er vind- og vannavst\u00f8tende (WP5000\/MVP3000). Jakken er etterbehandlet med Bionic Finish Eco, som ogs\u00e5 gir en vannavvisende effekt. Jakken har synlig glidel\u00e5s som g\u00e5r helt opp i kragen og frontlommer med glidel\u00e5s og klaffer. Tre innerlommer, hvorav den ene har glidel\u00e5s. Skjult, kraftig strikk rundt \u00e5pningen i hetten, i nederkant og i mansjettene. Noe innsvinget modell.<\/p>\n","protected":false},"featured_media":15283,"template":"","meta":[],"product_cat":[408],"product_tag":[],"_links":{"self":[{"href":"https:\/\/store.rektor.no\/index.php?rest_route=\/wp\/v2\/product\/15282"}],"collection":[{"href":"https:\/\/store.rektor.no\/index.php?rest_route=\/wp\/v2\/product"}],"about":[{"href":"https:\/\/store.rektor.no\/index.php?rest_route=\/wp\/v2\/types\/product"}],"wp:featuredmedia":[{"embeddable":true,"href":"https:\/\/store.rektor.no\/index.php?rest_route=\/wp\/v2\/media\/15283"}],"wp:attachment":[{"href":"https:\/\/store.rektor.no\/index.php?rest_route=%2Fwp%2Fv2%2Fmedia&parent=15282"}],"wp:term":[{"taxonomy":"product_cat","embeddable":true,"href":"https:\/\/store.rektor.no\/index.php?rest_route=%2Fwp%2Fv2%2Fproduct_cat&post=15282"},{"taxonomy":"product_tag","embeddable":true,"href":"https:\/\/store.rektor.no\/index.php?rest_route=%2Fwp%2Fv2%2Fproduct_tag&post=15282"}],"curies":[{"name":"wp","href":"https:\/\/api.w.org\/{rel}","templated":true}]}}