{"id":15280,"date":"2023-06-02T13:30:49","date_gmt":"2023-06-02T13:30:49","guid":{"rendered":"https:\/\/store.rektor.no\/?product=dundas-jacket-131540"},"modified":"2023-06-02T13:30:50","modified_gmt":"2023-06-02T13:30:50","slug":"dundas-jacket-131540","status":"publish","type":"product","link":"https:\/\/store.rektor.no\/?product=dundas-jacket-131540","title":{"rendered":"Dundas Jacket &#8211; 131540"},"content":{"rendered":"<p>Artikelnummer:131540<\/p>\n","protected":false},"excerpt":{"rendered":"<p>Kraftig, vattert jakke med fastsittende hette, helf\u00f4ret med sydde, brede kanaler. Laget av sertifisert resirkulert polyester som er vind- og vannavst\u00f8tende (WP5000\/MVP3000). Jakken er etterbehandlet med Bionic Finish Eco, som ogs\u00e5 gir en vannavvisende effekt. Jakken har synlig glidel\u00e5s som g\u00e5r helt opp i kragen og frontlommer med glidel\u00e5s og klaffer. Tre innerlommer, hvorav den ene har glidel\u00e5s. Skjult, kraftig strikk rundt \u00e5pningen i hetten, i nederkant og i mansjettene.<\/p>\n","protected":false},"featured_media":15281,"template":"","meta":[],"product_cat":[408],"product_tag":[],"_links":{"self":[{"href":"https:\/\/store.rektor.no\/index.php?rest_route=\/wp\/v2\/product\/15280"}],"collection":[{"href":"https:\/\/store.rektor.no\/index.php?rest_route=\/wp\/v2\/product"}],"about":[{"href":"https:\/\/store.rektor.no\/index.php?rest_route=\/wp\/v2\/types\/product"}],"wp:featuredmedia":[{"embeddable":true,"href":"https:\/\/store.rektor.no\/index.php?rest_route=\/wp\/v2\/media\/15281"}],"wp:attachment":[{"href":"https:\/\/store.rektor.no\/index.php?rest_route=%2Fwp%2Fv2%2Fmedia&parent=15280"}],"wp:term":[{"taxonomy":"product_cat","embeddable":true,"href":"https:\/\/store.rektor.no\/index.php?rest_route=%2Fwp%2Fv2%2Fproduct_cat&post=15280"},{"taxonomy":"product_tag","embeddable":true,"href":"https:\/\/store.rektor.no\/index.php?rest_route=%2Fwp%2Fv2%2Fproduct_tag&post=15280"}],"curies":[{"name":"wp","href":"https:\/\/api.w.org\/{rel}","templated":true}]}}