{"id":15276,"date":"2023-06-02T13:30:45","date_gmt":"2023-06-02T13:30:45","guid":{"rendered":"https:\/\/store.rektor.no\/?product=barlee-hood-jacket-131530"},"modified":"2023-06-02T13:30:47","modified_gmt":"2023-06-02T13:30:47","slug":"barlee-hood-jacket-131530","status":"publish","type":"product","link":"https:\/\/store.rektor.no\/?product=barlee-hood-jacket-131530","title":{"rendered":"Barlee Hood Jacket &#8211; 131530"},"content":{"rendered":"<p>Artikelnummer:131530<\/p>\n","protected":false},"excerpt":{"rendered":"<p>Lettvektsjakke med sveisede s\u00f8mmer som gir et b\u00f8lgende m\u00f8nster. Laget av sertifisert, resirkulert polyester. Jakken er etterbehandlet med Bionic Finish Eco, som gir en vannavvisende effekt. Fastsittende hette med kantb\u00e5nd. Hel glidel\u00e5s som g\u00e5r opp i kragen, og frontlommer med dekorative, synlige glidel\u00e5ser. Strikk i nederkant og i mansjettene.<\/p>\n","protected":false},"featured_media":15277,"template":"","meta":[],"product_cat":[408],"product_tag":[],"_links":{"self":[{"href":"https:\/\/store.rektor.no\/index.php?rest_route=\/wp\/v2\/product\/15276"}],"collection":[{"href":"https:\/\/store.rektor.no\/index.php?rest_route=\/wp\/v2\/product"}],"about":[{"href":"https:\/\/store.rektor.no\/index.php?rest_route=\/wp\/v2\/types\/product"}],"wp:featuredmedia":[{"embeddable":true,"href":"https:\/\/store.rektor.no\/index.php?rest_route=\/wp\/v2\/media\/15277"}],"wp:attachment":[{"href":"https:\/\/store.rektor.no\/index.php?rest_route=%2Fwp%2Fv2%2Fmedia&parent=15276"}],"wp:term":[{"taxonomy":"product_cat","embeddable":true,"href":"https:\/\/store.rektor.no\/index.php?rest_route=%2Fwp%2Fv2%2Fproduct_cat&post=15276"},{"taxonomy":"product_tag","embeddable":true,"href":"https:\/\/store.rektor.no\/index.php?rest_route=%2Fwp%2Fv2%2Fproduct_tag&post=15276"}],"curies":[{"name":"wp","href":"https:\/\/api.w.org\/{rel}","templated":true}]}}