{"id":15274,"date":"2023-06-02T13:30:45","date_gmt":"2023-06-02T13:30:45","guid":{"rendered":"https:\/\/store.rektor.no\/?product=glenroy-lady-131045"},"modified":"2023-06-02T13:30:46","modified_gmt":"2023-06-02T13:30:46","slug":"glenroy-lady-131045","status":"publish","type":"product","link":"https:\/\/store.rektor.no\/?product=glenroy-lady-131045","title":{"rendered":"Glenroy Lady &#8211; 131045"},"content":{"rendered":"<p>Artikelnummer:131045<\/p>\n","protected":false},"excerpt":{"rendered":"<p>Quiltet jakke i moderne snitt. Kraftige kantb\u00e5nd ton-i-ton i erme, linning og ved glidel\u00e5s.<br \/>\nYKK-glidel\u00e5s som g\u00e5r opp i kragen. Jakken har innerlomme og alle s\u00f8mmer p\u00e5 innsiden har kantb\u00e5nd.<\/p>\n","protected":false},"featured_media":15275,"template":"","meta":[],"product_cat":[409,408],"product_tag":[],"_links":{"self":[{"href":"https:\/\/store.rektor.no\/index.php?rest_route=\/wp\/v2\/product\/15274"}],"collection":[{"href":"https:\/\/store.rektor.no\/index.php?rest_route=\/wp\/v2\/product"}],"about":[{"href":"https:\/\/store.rektor.no\/index.php?rest_route=\/wp\/v2\/types\/product"}],"wp:featuredmedia":[{"embeddable":true,"href":"https:\/\/store.rektor.no\/index.php?rest_route=\/wp\/v2\/media\/15275"}],"wp:attachment":[{"href":"https:\/\/store.rektor.no\/index.php?rest_route=%2Fwp%2Fv2%2Fmedia&parent=15274"}],"wp:term":[{"taxonomy":"product_cat","embeddable":true,"href":"https:\/\/store.rektor.no\/index.php?rest_route=%2Fwp%2Fv2%2Fproduct_cat&post=15274"},{"taxonomy":"product_tag","embeddable":true,"href":"https:\/\/store.rektor.no\/index.php?rest_route=%2Fwp%2Fv2%2Fproduct_tag&post=15274"}],"curies":[{"name":"wp","href":"https:\/\/api.w.org\/{rel}","templated":true}]}}