{"id":15264,"date":"2023-06-02T13:30:37","date_gmt":"2023-06-02T13:30:37","guid":{"rendered":"https:\/\/store.rektor.no\/?product=warvick-131040"},"modified":"2023-06-02T13:30:39","modified_gmt":"2023-06-02T13:30:39","slug":"warvick-131040","status":"publish","type":"product","link":"https:\/\/store.rektor.no\/?product=warvick-131040","title":{"rendered":"Warvick &#8211; 131040"},"content":{"rendered":"<p>Artikelnummer:131040<\/p>\n","protected":false},"excerpt":{"rendered":"<p>Bomullsjakke med fast hette i retrostil. Snorer i midje og linning.<br \/>\nHelforet med YKK glidel\u00e5s som g\u00e5r helt opp til krage\/hette.<br \/>\nSterkt sn\u00f8reb\u00e5nd med stropper b\u00e5de i hetten og hylse.<br \/>\nJakken har innerlomme.<\/p>\n","protected":false},"featured_media":15265,"template":"","meta":[],"product_cat":[409,408],"product_tag":[],"_links":{"self":[{"href":"https:\/\/store.rektor.no\/index.php?rest_route=\/wp\/v2\/product\/15264"}],"collection":[{"href":"https:\/\/store.rektor.no\/index.php?rest_route=\/wp\/v2\/product"}],"about":[{"href":"https:\/\/store.rektor.no\/index.php?rest_route=\/wp\/v2\/types\/product"}],"wp:featuredmedia":[{"embeddable":true,"href":"https:\/\/store.rektor.no\/index.php?rest_route=\/wp\/v2\/media\/15265"}],"wp:attachment":[{"href":"https:\/\/store.rektor.no\/index.php?rest_route=%2Fwp%2Fv2%2Fmedia&parent=15264"}],"wp:term":[{"taxonomy":"product_cat","embeddable":true,"href":"https:\/\/store.rektor.no\/index.php?rest_route=%2Fwp%2Fv2%2Fproduct_cat&post=15264"},{"taxonomy":"product_tag","embeddable":true,"href":"https:\/\/store.rektor.no\/index.php?rest_route=%2Fwp%2Fv2%2Fproduct_tag&post=15264"}],"curies":[{"name":"wp","href":"https:\/\/api.w.org\/{rel}","templated":true}]}}