{"id":15260,"date":"2023-06-02T13:30:22","date_gmt":"2023-06-02T13:30:22","guid":{"rendered":"https:\/\/store.rektor.no\/?product=bayswater-131036"},"modified":"2023-06-02T13:30:30","modified_gmt":"2023-06-02T13:30:30","slug":"bayswater-131036","status":"publish","type":"product","link":"https:\/\/store.rektor.no\/?product=bayswater-131036","title":{"rendered":"Bayswater &#8211; 131036"},"content":{"rendered":"<p>Artikelnummer:131036<\/p>\n","protected":false},"excerpt":{"rendered":"<p>Smidig softshelljakke i et vind- og vannavvisende materiale, med behagelig fleece p\u00e5 innsiden. Hel glidel\u00e5s, brystlomme samt to lommer i front med tofarget YKK-glidel\u00e5ser. Justerbare ermer og snor i nederkant av jakken. Innsiden i en matchende kontrastfarge, foruten 990 svart som ogs\u00e5 har svart inside.<\/p>\n","protected":false},"featured_media":15261,"template":"","meta":[],"product_cat":[409,408],"product_tag":[],"_links":{"self":[{"href":"https:\/\/store.rektor.no\/index.php?rest_route=\/wp\/v2\/product\/15260"}],"collection":[{"href":"https:\/\/store.rektor.no\/index.php?rest_route=\/wp\/v2\/product"}],"about":[{"href":"https:\/\/store.rektor.no\/index.php?rest_route=\/wp\/v2\/types\/product"}],"wp:featuredmedia":[{"embeddable":true,"href":"https:\/\/store.rektor.no\/index.php?rest_route=\/wp\/v2\/media\/15261"}],"wp:attachment":[{"href":"https:\/\/store.rektor.no\/index.php?rest_route=%2Fwp%2Fv2%2Fmedia&parent=15260"}],"wp:term":[{"taxonomy":"product_cat","embeddable":true,"href":"https:\/\/store.rektor.no\/index.php?rest_route=%2Fwp%2Fv2%2Fproduct_cat&post=15260"},{"taxonomy":"product_tag","embeddable":true,"href":"https:\/\/store.rektor.no\/index.php?rest_route=%2Fwp%2Fv2%2Fproduct_tag&post=15260"}],"curies":[{"name":"wp","href":"https:\/\/api.w.org\/{rel}","templated":true}]}}