{"id":15258,"date":"2023-06-02T13:30:18","date_gmt":"2023-06-02T13:30:18","guid":{"rendered":"https:\/\/store.rektor.no\/?product=mabel-lady-131035"},"modified":"2023-06-02T13:30:23","modified_gmt":"2023-06-02T13:30:23","slug":"mabel-lady-131035","status":"publish","type":"product","link":"https:\/\/store.rektor.no\/?product=mabel-lady-131035","title":{"rendered":"Mabel Lady &#8211; 131035"},"content":{"rendered":"<p>Artikelnummer:131035<\/p>\n","protected":false},"excerpt":{"rendered":"<p>Tidsriktig jakke med dunlignende lett vattering. Moderne snitt. Hel glidel\u00e5s, brystlomme samt lommer i front med YKK-glidel\u00e5ser. F\u00f4r i appelerende og avvikende farger. \u00d8nskes f\u00f4r i ton-i-ton velg; 290 orange eller 460 r\u00f8d. Smal ribb i nederkant og ermene.<\/p>\n","protected":false},"featured_media":15259,"template":"","meta":[],"product_cat":[409,408],"product_tag":[],"_links":{"self":[{"href":"https:\/\/store.rektor.no\/index.php?rest_route=\/wp\/v2\/product\/15258"}],"collection":[{"href":"https:\/\/store.rektor.no\/index.php?rest_route=\/wp\/v2\/product"}],"about":[{"href":"https:\/\/store.rektor.no\/index.php?rest_route=\/wp\/v2\/types\/product"}],"wp:featuredmedia":[{"embeddable":true,"href":"https:\/\/store.rektor.no\/index.php?rest_route=\/wp\/v2\/media\/15259"}],"wp:attachment":[{"href":"https:\/\/store.rektor.no\/index.php?rest_route=%2Fwp%2Fv2%2Fmedia&parent=15258"}],"wp:term":[{"taxonomy":"product_cat","embeddable":true,"href":"https:\/\/store.rektor.no\/index.php?rest_route=%2Fwp%2Fv2%2Fproduct_cat&post=15258"},{"taxonomy":"product_tag","embeddable":true,"href":"https:\/\/store.rektor.no\/index.php?rest_route=%2Fwp%2Fv2%2Fproduct_tag&post=15258"}],"curies":[{"name":"wp","href":"https:\/\/api.w.org\/{rel}","templated":true}]}}