{"id":15256,"date":"2023-06-02T13:30:11","date_gmt":"2023-06-02T13:30:11","guid":{"rendered":"https:\/\/store.rektor.no\/?product=mabel-131034"},"modified":"2023-06-02T13:30:18","modified_gmt":"2023-06-02T13:30:18","slug":"mabel-131034","status":"publish","type":"product","link":"https:\/\/store.rektor.no\/?product=mabel-131034","title":{"rendered":"Mabel &#8211; 131034"},"content":{"rendered":"<p>Artikelnummer:131034<\/p>\n","protected":false},"excerpt":{"rendered":"<p>Tidsriktig jakke med dunlignende lett vattering. Moderne snitt. Hel glidel\u00e5s, brystlomme samt lommer i front med YKK-glidel\u00e5ser. F\u00f4r i appelerende og avvikende farger. \u00d8nskes f\u00f4r i ton-i-ton velg; 290 orange eller 460 r\u00f8d. Smal ribb i nederkant og ermene.<\/p>\n","protected":false},"featured_media":15257,"template":"","meta":[],"product_cat":[409,408],"product_tag":[],"_links":{"self":[{"href":"https:\/\/store.rektor.no\/index.php?rest_route=\/wp\/v2\/product\/15256"}],"collection":[{"href":"https:\/\/store.rektor.no\/index.php?rest_route=\/wp\/v2\/product"}],"about":[{"href":"https:\/\/store.rektor.no\/index.php?rest_route=\/wp\/v2\/types\/product"}],"wp:featuredmedia":[{"embeddable":true,"href":"https:\/\/store.rektor.no\/index.php?rest_route=\/wp\/v2\/media\/15257"}],"wp:attachment":[{"href":"https:\/\/store.rektor.no\/index.php?rest_route=%2Fwp%2Fv2%2Fmedia&parent=15256"}],"wp:term":[{"taxonomy":"product_cat","embeddable":true,"href":"https:\/\/store.rektor.no\/index.php?rest_route=%2Fwp%2Fv2%2Fproduct_cat&post=15256"},{"taxonomy":"product_tag","embeddable":true,"href":"https:\/\/store.rektor.no\/index.php?rest_route=%2Fwp%2Fv2%2Fproduct_tag&post=15256"}],"curies":[{"name":"wp","href":"https:\/\/api.w.org\/{rel}","templated":true}]}}