{"id":15248,"date":"2023-06-02T13:30:03","date_gmt":"2023-06-02T13:30:03","guid":{"rendered":"https:\/\/store.rektor.no\/?product=explore-131030"},"modified":"2023-06-02T13:30:05","modified_gmt":"2023-06-02T13:30:05","slug":"explore-131030","status":"publish","type":"product","link":"https:\/\/store.rektor.no\/?product=explore-131030","title":{"rendered":"Explore &#8211; 131030"},"content":{"rendered":"<p>Artikelnummer:131030<\/p>\n","protected":false},"excerpt":{"rendered":"<p>Vind- og vanntett trelags jakke med teipede s\u00f8mmer. Jakken har god pustefunksjon (WP 10 000\/MVP 5000). Raglanermer. Fleecef\u00f4ret krage med justerbar hette. Ventilasjonslommer under ermene. Alle glidel\u00e5ser er vanntette. To lommer i front og en brystlomme med hodetelefon\u00e5pning. Regulerbare mansjetter med borrel\u00e5s.<br \/>\nElastisk snor med stopper i nederkant.  Mange fine og praktiske detaljer p\u00e5 innsiden av jakken.<\/p>\n","protected":false},"featured_media":15249,"template":"","meta":[],"product_cat":[409,408],"product_tag":[],"_links":{"self":[{"href":"https:\/\/store.rektor.no\/index.php?rest_route=\/wp\/v2\/product\/15248"}],"collection":[{"href":"https:\/\/store.rektor.no\/index.php?rest_route=\/wp\/v2\/product"}],"about":[{"href":"https:\/\/store.rektor.no\/index.php?rest_route=\/wp\/v2\/types\/product"}],"wp:featuredmedia":[{"embeddable":true,"href":"https:\/\/store.rektor.no\/index.php?rest_route=\/wp\/v2\/media\/15249"}],"wp:attachment":[{"href":"https:\/\/store.rektor.no\/index.php?rest_route=%2Fwp%2Fv2%2Fmedia&parent=15248"}],"wp:term":[{"taxonomy":"product_cat","embeddable":true,"href":"https:\/\/store.rektor.no\/index.php?rest_route=%2Fwp%2Fv2%2Fproduct_cat&post=15248"},{"taxonomy":"product_tag","embeddable":true,"href":"https:\/\/store.rektor.no\/index.php?rest_route=%2Fwp%2Fv2%2Fproduct_tag&post=15248"}],"curies":[{"name":"wp","href":"https:\/\/api.w.org\/{rel}","templated":true}]}}