{"id":15246,"date":"2023-06-02T13:29:53","date_gmt":"2023-06-02T13:29:53","guid":{"rendered":"https:\/\/store.rektor.no\/?product=winton-131027"},"modified":"2023-06-02T13:30:04","modified_gmt":"2023-06-02T13:30:04","slug":"winton-131027","status":"publish","type":"product","link":"https:\/\/store.rektor.no\/?product=winton-131027","title":{"rendered":"Winton &#8211; 131027"},"content":{"rendered":"<p>Artikelnummer:131027<\/p>\n","protected":false},"excerpt":{"rendered":"<p>Vindjakke med f\u00f4r i b\u00f8rstet fleece, med tofarget YKK-glidel\u00e5s. En detalj som ogs\u00e5 g\u00e5r igjen i begge lommene i front. Ribb i mansjetter og fast hette som kan forvares i kragen. \u00c9n innerlomme.<\/p>\n","protected":false},"featured_media":15247,"template":"","meta":[],"product_cat":[409,408],"product_tag":[],"_links":{"self":[{"href":"https:\/\/store.rektor.no\/index.php?rest_route=\/wp\/v2\/product\/15246"}],"collection":[{"href":"https:\/\/store.rektor.no\/index.php?rest_route=\/wp\/v2\/product"}],"about":[{"href":"https:\/\/store.rektor.no\/index.php?rest_route=\/wp\/v2\/types\/product"}],"wp:featuredmedia":[{"embeddable":true,"href":"https:\/\/store.rektor.no\/index.php?rest_route=\/wp\/v2\/media\/15247"}],"wp:attachment":[{"href":"https:\/\/store.rektor.no\/index.php?rest_route=%2Fwp%2Fv2%2Fmedia&parent=15246"}],"wp:term":[{"taxonomy":"product_cat","embeddable":true,"href":"https:\/\/store.rektor.no\/index.php?rest_route=%2Fwp%2Fv2%2Fproduct_cat&post=15246"},{"taxonomy":"product_tag","embeddable":true,"href":"https:\/\/store.rektor.no\/index.php?rest_route=%2Fwp%2Fv2%2Fproduct_tag&post=15246"}],"curies":[{"name":"wp","href":"https:\/\/api.w.org\/{rel}","templated":true}]}}