{"id":15244,"date":"2023-06-02T13:29:53","date_gmt":"2023-06-02T13:29:53","guid":{"rendered":"https:\/\/store.rektor.no\/?product=rockingham-131026"},"modified":"2023-06-02T13:29:56","modified_gmt":"2023-06-02T13:29:56","slug":"rockingham-131026","status":"publish","type":"product","link":"https:\/\/store.rektor.no\/?product=rockingham-131026","title":{"rendered":"Rockingham &#8211; 131026"},"content":{"rendered":"<p>Artikelnummer:131026<\/p>\n","protected":false},"excerpt":{"rendered":"<p>Ultralett vindjakke i micro-ripstop og med meshf\u00f5r. Hette som sitter fast og forb\u00f8yde ermer for bedre passform. Sidelommer med glidel\u00e5s og dekortransfer. Mansjett i nederkant og ermer. Lett og smidig \u00e5 pakke sammen.<\/p>\n","protected":false},"featured_media":15245,"template":"","meta":[],"product_cat":[409,408],"product_tag":[],"_links":{"self":[{"href":"https:\/\/store.rektor.no\/index.php?rest_route=\/wp\/v2\/product\/15244"}],"collection":[{"href":"https:\/\/store.rektor.no\/index.php?rest_route=\/wp\/v2\/product"}],"about":[{"href":"https:\/\/store.rektor.no\/index.php?rest_route=\/wp\/v2\/types\/product"}],"wp:featuredmedia":[{"embeddable":true,"href":"https:\/\/store.rektor.no\/index.php?rest_route=\/wp\/v2\/media\/15245"}],"wp:attachment":[{"href":"https:\/\/store.rektor.no\/index.php?rest_route=%2Fwp%2Fv2%2Fmedia&parent=15244"}],"wp:term":[{"taxonomy":"product_cat","embeddable":true,"href":"https:\/\/store.rektor.no\/index.php?rest_route=%2Fwp%2Fv2%2Fproduct_cat&post=15244"},{"taxonomy":"product_tag","embeddable":true,"href":"https:\/\/store.rektor.no\/index.php?rest_route=%2Fwp%2Fv2%2Fproduct_tag&post=15244"}],"curies":[{"name":"wp","href":"https:\/\/api.w.org\/{rel}","templated":true}]}}