{"id":15238,"date":"2023-06-02T13:29:46","date_gmt":"2023-06-02T13:29:46","guid":{"rendered":"https:\/\/store.rektor.no\/?product=mount-wall-lady-131021"},"modified":"2023-06-02T13:29:51","modified_gmt":"2023-06-02T13:29:51","slug":"mount-wall-lady-131021","status":"publish","type":"product","link":"https:\/\/store.rektor.no\/?product=mount-wall-lady-131021","title":{"rendered":"Mount Wall Lady &#8211; 131021"},"content":{"rendered":"<p>Artikelnummer:131021<\/p>\n","protected":false},"excerpt":{"rendered":"<p>Lett vattert softshelljakke egnet til bruk nesten hele \u00e5ret. Produsert av to forskjellige materialer slik at det dannes en fin kontrast. Begge er vind- og vannavst\u00f8tende (WP 3000\/MVP 1000). Justerbar og avtagbar hette, glidel\u00e5s p\u00e5 ytterlommer og ermlomme, elastisk snor i nederkant. Justerbar borrel\u00e5s og tynne fleksible skjulte mansjetter. Glidel\u00e5s p\u00e5 innerlomme for mobiltelefon etc., utgang i gummi til \u00f8retelefoner og en stor praktisk innerlomme i mesh. Finnes i dame- og herremodell.<\/p>\n","protected":false},"featured_media":15239,"template":"","meta":[],"product_cat":[409,408],"product_tag":[],"_links":{"self":[{"href":"https:\/\/store.rektor.no\/index.php?rest_route=\/wp\/v2\/product\/15238"}],"collection":[{"href":"https:\/\/store.rektor.no\/index.php?rest_route=\/wp\/v2\/product"}],"about":[{"href":"https:\/\/store.rektor.no\/index.php?rest_route=\/wp\/v2\/types\/product"}],"wp:featuredmedia":[{"embeddable":true,"href":"https:\/\/store.rektor.no\/index.php?rest_route=\/wp\/v2\/media\/15239"}],"wp:attachment":[{"href":"https:\/\/store.rektor.no\/index.php?rest_route=%2Fwp%2Fv2%2Fmedia&parent=15238"}],"wp:term":[{"taxonomy":"product_cat","embeddable":true,"href":"https:\/\/store.rektor.no\/index.php?rest_route=%2Fwp%2Fv2%2Fproduct_cat&post=15238"},{"taxonomy":"product_tag","embeddable":true,"href":"https:\/\/store.rektor.no\/index.php?rest_route=%2Fwp%2Fv2%2Fproduct_tag&post=15238"}],"curies":[{"name":"wp","href":"https:\/\/api.w.org\/{rel}","templated":true}]}}