{"id":15226,"date":"2023-06-02T13:29:30","date_gmt":"2023-06-02T13:29:30","guid":{"rendered":"https:\/\/store.rektor.no\/?product=crosscut-131010"},"modified":"2023-06-02T13:29:36","modified_gmt":"2023-06-02T13:29:36","slug":"crosscut-131010","status":"publish","type":"product","link":"https:\/\/store.rektor.no\/?product=crosscut-131010","title":{"rendered":"Crosscut &#8211; 131010"},"content":{"rendered":"<p>Artikelnummer:131010<\/p>\n","protected":false},"excerpt":{"rendered":"<p>Sportslig midjejakke som er vind- og vanntett med pustefunksjon (WP5000\/MVP5000) og tapede s\u00f8mmer samt meshf\u00f4r. Forb\u00f8yde ermer for bedre passform. Tofarget YKK glidel\u00e5ser. Kraftig mansjett i nederkant og i ermavslutning samt p\u00e5 innsiden av kragen. Doble innerlommer.<\/p>\n","protected":false},"featured_media":15227,"template":"","meta":[],"product_cat":[409,408],"product_tag":[],"_links":{"self":[{"href":"https:\/\/store.rektor.no\/index.php?rest_route=\/wp\/v2\/product\/15226"}],"collection":[{"href":"https:\/\/store.rektor.no\/index.php?rest_route=\/wp\/v2\/product"}],"about":[{"href":"https:\/\/store.rektor.no\/index.php?rest_route=\/wp\/v2\/types\/product"}],"wp:featuredmedia":[{"embeddable":true,"href":"https:\/\/store.rektor.no\/index.php?rest_route=\/wp\/v2\/media\/15227"}],"wp:attachment":[{"href":"https:\/\/store.rektor.no\/index.php?rest_route=%2Fwp%2Fv2%2Fmedia&parent=15226"}],"wp:term":[{"taxonomy":"product_cat","embeddable":true,"href":"https:\/\/store.rektor.no\/index.php?rest_route=%2Fwp%2Fv2%2Fproduct_cat&post=15226"},{"taxonomy":"product_tag","embeddable":true,"href":"https:\/\/store.rektor.no\/index.php?rest_route=%2Fwp%2Fv2%2Fproduct_tag&post=15226"}],"curies":[{"name":"wp","href":"https:\/\/api.w.org\/{rel}","templated":true}]}}