{"id":15222,"date":"2023-06-02T13:29:30","date_gmt":"2023-06-02T13:29:30","guid":{"rendered":"https:\/\/store.rektor.no\/?product=pilberra-lady-131004"},"modified":"2023-06-02T13:29:32","modified_gmt":"2023-06-02T13:29:32","slug":"pilberra-lady-131004","status":"publish","type":"product","link":"https:\/\/store.rektor.no\/?product=pilberra-lady-131004","title":{"rendered":"Pilberra Lady &#8211; 131004"},"content":{"rendered":"<p>Artikelnummer:131004<\/p>\n","protected":false},"excerpt":{"rendered":"<p>Softshelljakke som har et vind- og vannavvisende materiale med pustefunksjon. En velformet modell som er forlenget bak. Hel glidel\u00e5s, alle glidel\u00e5ser i kontrastfarge. To sidelommer og lomme med plass til id-kort p\u00e5 ermet, en innvendig lomme med glidel\u00e5s. Avtagbar og regulerbar hette. Forb\u00f8yde ermer, og regulerbare mansjetter med borrel\u00e5s. Sn\u00f8ring med stopper i jakkens nederkant. Finnes i dame- og herremodell.<\/p>\n","protected":false},"featured_media":15223,"template":"","meta":[],"product_cat":[409,408],"product_tag":[],"_links":{"self":[{"href":"https:\/\/store.rektor.no\/index.php?rest_route=\/wp\/v2\/product\/15222"}],"collection":[{"href":"https:\/\/store.rektor.no\/index.php?rest_route=\/wp\/v2\/product"}],"about":[{"href":"https:\/\/store.rektor.no\/index.php?rest_route=\/wp\/v2\/types\/product"}],"wp:featuredmedia":[{"embeddable":true,"href":"https:\/\/store.rektor.no\/index.php?rest_route=\/wp\/v2\/media\/15223"}],"wp:attachment":[{"href":"https:\/\/store.rektor.no\/index.php?rest_route=%2Fwp%2Fv2%2Fmedia&parent=15222"}],"wp:term":[{"taxonomy":"product_cat","embeddable":true,"href":"https:\/\/store.rektor.no\/index.php?rest_route=%2Fwp%2Fv2%2Fproduct_cat&post=15222"},{"taxonomy":"product_tag","embeddable":true,"href":"https:\/\/store.rektor.no\/index.php?rest_route=%2Fwp%2Fv2%2Fproduct_tag&post=15222"}],"curies":[{"name":"wp","href":"https:\/\/api.w.org\/{rel}","templated":true}]}}