{"id":15220,"date":"2023-06-02T13:29:25","date_gmt":"2023-06-02T13:29:25","guid":{"rendered":"https:\/\/store.rektor.no\/?product=antitheft-backpack-04189999"},"modified":"2023-06-02T13:29:30","modified_gmt":"2023-06-02T13:29:30","slug":"antitheft-backpack-04189999","status":"publish","type":"product","link":"https:\/\/store.rektor.no\/?product=antitheft-backpack-04189999","title":{"rendered":"Antitheft Backpack &#8211; 04189999"},"content":{"rendered":"<p>Artikelnummer:04189999<\/p>\n","protected":false},"excerpt":{"rendered":"<p>Moderne og stilren pc-\/business sekk i PU, vannavisende R-PET materiale. Sider, topp og bunn er trukket i ripstop materiale som gir et mykere og moderne design. Fremsiden er i slett PU, noe som gir et elegant preg og god plass til firmalogo. Tre smale refleks-linjer som dekor.Glidel\u00e5s til \u00e5pning av hovedrom er inn mot rygg. Lomme med glidel\u00e5s p\u00e5 bakside mot rygg for trygg oppbevaring av verdisaker. Det er ogs\u00e5 en lomme med glidel\u00e5s i siden. God polstring og myk mesh i rygg, samt b\u00e6restropper. Innvendig er det lyst gr\u00e5tt f\u00f4r av nylon. Eget rom til b\u00e6rbar pc opp til 17 tommer.Sm\u00e5lommer for organisering av bagasje. Mulighet til \u00e5 \u00e5pne rommet helt opp for god oversikt over innhold og enklere pakking.<\/p>\n<p>Volum ca. 18 liter. <\/p>\n<p>Trykkmetoder:<\/p>\n<p>Transfer: Kan trykkes som normalt p\u00e5 materialet p\u00e5 sider og topp. Sekken kan ogs\u00e5 trykkes i front, men da m\u00e5 materialet forvarmes (med mellomlag mellom presse og sekken). Hvis dette ikke gj\u00f8res vil pressen lage stygge merker\/felt p\u00e5 sekken.<\/p>\n","protected":false},"featured_media":15221,"template":"","meta":[],"product_cat":[405,404],"product_tag":[],"_links":{"self":[{"href":"https:\/\/store.rektor.no\/index.php?rest_route=\/wp\/v2\/product\/15220"}],"collection":[{"href":"https:\/\/store.rektor.no\/index.php?rest_route=\/wp\/v2\/product"}],"about":[{"href":"https:\/\/store.rektor.no\/index.php?rest_route=\/wp\/v2\/types\/product"}],"wp:featuredmedia":[{"embeddable":true,"href":"https:\/\/store.rektor.no\/index.php?rest_route=\/wp\/v2\/media\/15221"}],"wp:attachment":[{"href":"https:\/\/store.rektor.no\/index.php?rest_route=%2Fwp%2Fv2%2Fmedia&parent=15220"}],"wp:term":[{"taxonomy":"product_cat","embeddable":true,"href":"https:\/\/store.rektor.no\/index.php?rest_route=%2Fwp%2Fv2%2Fproduct_cat&post=15220"},{"taxonomy":"product_tag","embeddable":true,"href":"https:\/\/store.rektor.no\/index.php?rest_route=%2Fwp%2Fv2%2Fproduct_tag&post=15220"}],"curies":[{"name":"wp","href":"https:\/\/api.w.org\/{rel}","templated":true}]}}