{"id":15214,"date":"2023-06-02T13:29:13","date_gmt":"2023-06-02T13:29:13","guid":{"rendered":"https:\/\/store.rektor.no\/?product=mesh-sporty-cap-04014425"},"modified":"2023-06-02T13:29:16","modified_gmt":"2023-06-02T13:29:16","slug":"mesh-sporty-cap-04014425","status":"publish","type":"product","link":"https:\/\/store.rektor.no\/?product=mesh-sporty-cap-04014425","title":{"rendered":"Mesh Sporty Cap &#8211; 04014425"},"content":{"rendered":"<p>Artikelnummer:04014425<\/p>\n","protected":false},"excerpt":{"rendered":"<p>IKKE LAGERVARE &#8211; OPPGITT PRIS ER MINIMUM v\/ 150 STK. <\/p>\n<p>Sporty flerbrukscaps i tynn mesh-polyester med borrel\u00e5sspenne. Valgfri farge p\u00e5 s\u00f8mmer\/luftehull uten ekstra kostnad.<br \/>\nBroderi opptil 8000 sting og broderi bak opptil 2000 sting, eller vevd etikett opptil 4 x 4 cm og et broderi bak opptil 2000 sting. <\/p>\n<p>MERK!<br \/>\nMinimumsantall 150 stk.<br \/>\nPrisforesp\u00f8rsel og bestilling m\u00e5 sendes til spesial@newwave.no.<br \/>\nLegg ved logo for utarbeidelse av pristilbud og skisseforslag.<\/p>\n","protected":false},"featured_media":15215,"template":"","meta":[],"product_cat":[398,397],"product_tag":[],"_links":{"self":[{"href":"https:\/\/store.rektor.no\/index.php?rest_route=\/wp\/v2\/product\/15214"}],"collection":[{"href":"https:\/\/store.rektor.no\/index.php?rest_route=\/wp\/v2\/product"}],"about":[{"href":"https:\/\/store.rektor.no\/index.php?rest_route=\/wp\/v2\/types\/product"}],"wp:featuredmedia":[{"embeddable":true,"href":"https:\/\/store.rektor.no\/index.php?rest_route=\/wp\/v2\/media\/15215"}],"wp:attachment":[{"href":"https:\/\/store.rektor.no\/index.php?rest_route=%2Fwp%2Fv2%2Fmedia&parent=15214"}],"wp:term":[{"taxonomy":"product_cat","embeddable":true,"href":"https:\/\/store.rektor.no\/index.php?rest_route=%2Fwp%2Fv2%2Fproduct_cat&post=15214"},{"taxonomy":"product_tag","embeddable":true,"href":"https:\/\/store.rektor.no\/index.php?rest_route=%2Fwp%2Fv2%2Fproduct_tag&post=15214"}],"curies":[{"name":"wp","href":"https:\/\/api.w.org\/{rel}","templated":true}]}}