{"id":15210,"date":"2023-06-02T13:29:01","date_gmt":"2023-06-02T13:29:01","guid":{"rendered":"https:\/\/store.rektor.no\/?product=classic-04014413"},"modified":"2023-06-02T13:29:08","modified_gmt":"2023-06-02T13:29:08","slug":"classic-04014413","status":"publish","type":"product","link":"https:\/\/store.rektor.no\/?product=classic-04014413","title":{"rendered":"Classic &#8211; 04014413"},"content":{"rendered":"<p>Artikelnummer:04014413<\/p>\n","protected":false},"excerpt":{"rendered":"<p>IKKE LAGERVARE &#8211; OPPGITT PRIS ER MINIMUM v\/ 100 STK. <\/p>\n<p>Cap i ub\u00f8rstet bomullstwill med borrel\u00e5sspenne. Farger kan kombineres valgfritt p\u00e5 paneler, skjerm, sandwich og knapp. Svart finnes i \u00f8kologisk bomull. Valgfri farge p\u00e5 s\u00f8mmer \/ luftehull uten ekstra kostnad.<br \/>\nBroderi opptil 8000 sting og broderi bak opptil 2000 sting, eller vevd etikett opptil 4 x 4 cm og et broderi bak opptil 2000 sting.<\/p>\n<p>MERK!<br \/>\nMinimumsantall 100 stk.<br \/>\nPrisforesp\u00f8rsel og bestilling m\u00e5 sendes til spesial@newwave.no.<br \/>\nLegg ved logo for utarbeidelse av pristilbud og skisseforslag.<\/p>\n","protected":false},"featured_media":15211,"template":"","meta":[],"product_cat":[398,397],"product_tag":[],"_links":{"self":[{"href":"https:\/\/store.rektor.no\/index.php?rest_route=\/wp\/v2\/product\/15210"}],"collection":[{"href":"https:\/\/store.rektor.no\/index.php?rest_route=\/wp\/v2\/product"}],"about":[{"href":"https:\/\/store.rektor.no\/index.php?rest_route=\/wp\/v2\/types\/product"}],"wp:featuredmedia":[{"embeddable":true,"href":"https:\/\/store.rektor.no\/index.php?rest_route=\/wp\/v2\/media\/15211"}],"wp:attachment":[{"href":"https:\/\/store.rektor.no\/index.php?rest_route=%2Fwp%2Fv2%2Fmedia&parent=15210"}],"wp:term":[{"taxonomy":"product_cat","embeddable":true,"href":"https:\/\/store.rektor.no\/index.php?rest_route=%2Fwp%2Fv2%2Fproduct_cat&post=15210"},{"taxonomy":"product_tag","embeddable":true,"href":"https:\/\/store.rektor.no\/index.php?rest_route=%2Fwp%2Fv2%2Fproduct_tag&post=15210"}],"curies":[{"name":"wp","href":"https:\/\/api.w.org\/{rel}","templated":true}]}}