{"id":14197,"date":"2023-05-15T08:16:21","date_gmt":"2023-05-15T08:16:21","guid":{"rendered":"https:\/\/store.rektor.no\/?product=nor-hoody-softshell-jacket-953001"},"modified":"2023-05-15T08:16:25","modified_gmt":"2023-05-15T08:16:25","slug":"nor-hoody-softshell-jacket-953001","status":"publish","type":"product","link":"https:\/\/store.rektor.no\/?product=nor-hoody-softshell-jacket-953001","title":{"rendered":"NOR Hoody Softshell Jacket &#8211; 953001"},"content":{"rendered":"<p>Artikelnummer:953001<\/p>\n","protected":false},"excerpt":{"rendered":"<p>Softshelljakke med avtagbar hette, tre ytterlommer med glidel\u00e5s og to innerlommer. Ton-i-ton glidel\u00e5ser. Borrel\u00e5s nederst p\u00e5 ermet.<\/p>\n","protected":false},"featured_media":14198,"template":"","meta":[],"product_cat":[106,107,108],"product_tag":[],"_links":{"self":[{"href":"https:\/\/store.rektor.no\/index.php?rest_route=\/wp\/v2\/product\/14197"}],"collection":[{"href":"https:\/\/store.rektor.no\/index.php?rest_route=\/wp\/v2\/product"}],"about":[{"href":"https:\/\/store.rektor.no\/index.php?rest_route=\/wp\/v2\/types\/product"}],"wp:featuredmedia":[{"embeddable":true,"href":"https:\/\/store.rektor.no\/index.php?rest_route=\/wp\/v2\/media\/14198"}],"wp:attachment":[{"href":"https:\/\/store.rektor.no\/index.php?rest_route=%2Fwp%2Fv2%2Fmedia&parent=14197"}],"wp:term":[{"taxonomy":"product_cat","embeddable":true,"href":"https:\/\/store.rektor.no\/index.php?rest_route=%2Fwp%2Fv2%2Fproduct_cat&post=14197"},{"taxonomy":"product_tag","embeddable":true,"href":"https:\/\/store.rektor.no\/index.php?rest_route=%2Fwp%2Fv2%2Fproduct_tag&post=14197"}],"curies":[{"name":"wp","href":"https:\/\/api.w.org\/{rel}","templated":true}]}}