{"id":14195,"date":"2023-05-15T08:16:07","date_gmt":"2023-05-15T08:16:07","guid":{"rendered":"https:\/\/store.rektor.no\/?product=nor-street-backpack-951005"},"modified":"2023-05-15T08:16:21","modified_gmt":"2023-05-15T08:16:21","slug":"nor-street-backpack-951005","status":"publish","type":"product","link":"https:\/\/store.rektor.no\/?product=nor-street-backpack-951005","title":{"rendered":"NOR Street Backpack &#8211; 951005"},"content":{"rendered":"<p>Artikelnummer:951005<\/p>\n","protected":false},"excerpt":{"rendered":"<p>Lett og fin ryggsekk med et stort hovedrom. Vattert lomme til PC. Glidel\u00e5slomme i front og mesh lommer p\u00e5 begge sider til sm\u00e5 ting man trenger rask tilgang til. En lomme bak for sikkerhetslagring. TPU glidel\u00e5ser og reflekterende zip pullers. M\u00e5l: 29,5&#215;45,5&#215;12 cm \u2248 16 liter.<\/p>\n","protected":false},"featured_media":14196,"template":"","meta":[],"product_cat":[350,349,348],"product_tag":[],"_links":{"self":[{"href":"https:\/\/store.rektor.no\/index.php?rest_route=\/wp\/v2\/product\/14195"}],"collection":[{"href":"https:\/\/store.rektor.no\/index.php?rest_route=\/wp\/v2\/product"}],"about":[{"href":"https:\/\/store.rektor.no\/index.php?rest_route=\/wp\/v2\/types\/product"}],"wp:featuredmedia":[{"embeddable":true,"href":"https:\/\/store.rektor.no\/index.php?rest_route=\/wp\/v2\/media\/14196"}],"wp:attachment":[{"href":"https:\/\/store.rektor.no\/index.php?rest_route=%2Fwp%2Fv2%2Fmedia&parent=14195"}],"wp:term":[{"taxonomy":"product_cat","embeddable":true,"href":"https:\/\/store.rektor.no\/index.php?rest_route=%2Fwp%2Fv2%2Fproduct_cat&post=14195"},{"taxonomy":"product_tag","embeddable":true,"href":"https:\/\/store.rektor.no\/index.php?rest_route=%2Fwp%2Fv2%2Fproduct_tag&post=14195"}],"curies":[{"name":"wp","href":"https:\/\/api.w.org\/{rel}","templated":true}]}}