{"id":14193,"date":"2023-05-15T08:16:07","date_gmt":"2023-05-15T08:16:07","guid":{"rendered":"https:\/\/store.rektor.no\/?product=prestige-toilettcase-040315"},"modified":"2023-06-02T13:29:27","modified_gmt":"2023-06-02T13:29:27","slug":"prestige-toilettcase-040315","status":"publish","type":"product","link":"https:\/\/store.rektor.no\/?product=prestige-toilettcase-040315","title":{"rendered":"Prestige Toilettcase &#8211; 040315"},"content":{"rendered":"<p>Artikelnummer:040315<\/p>\n","protected":false},"excerpt":{"rendered":"<p>Stilig toalettmappe med SBS-glidel\u00e5s, ekstra rom med nettinglomme og et h\u00e5ndtak. Det perfekte supplement til prestige bagserie. Topp, bunn og sider er PU-belagte for \u00e5 gj\u00f8re den ekstra slitesterk. M\u00e5l: 25x15x9 cm. \u2248  3 liter.<\/p>\n","protected":false},"featured_media":14194,"template":"","meta":[],"product_cat":[364,349,348],"product_tag":[],"_links":{"self":[{"href":"https:\/\/store.rektor.no\/index.php?rest_route=\/wp\/v2\/product\/14193"}],"collection":[{"href":"https:\/\/store.rektor.no\/index.php?rest_route=\/wp\/v2\/product"}],"about":[{"href":"https:\/\/store.rektor.no\/index.php?rest_route=\/wp\/v2\/types\/product"}],"wp:featuredmedia":[{"embeddable":true,"href":"https:\/\/store.rektor.no\/index.php?rest_route=\/wp\/v2\/media\/14194"}],"wp:attachment":[{"href":"https:\/\/store.rektor.no\/index.php?rest_route=%2Fwp%2Fv2%2Fmedia&parent=14193"}],"wp:term":[{"taxonomy":"product_cat","embeddable":true,"href":"https:\/\/store.rektor.no\/index.php?rest_route=%2Fwp%2Fv2%2Fproduct_cat&post=14193"},{"taxonomy":"product_tag","embeddable":true,"href":"https:\/\/store.rektor.no\/index.php?rest_route=%2Fwp%2Fv2%2Fproduct_tag&post=14193"}],"curies":[{"name":"wp","href":"https:\/\/api.w.org\/{rel}","templated":true}]}}