{"id":14189,"date":"2023-05-15T08:16:07","date_gmt":"2023-05-15T08:16:07","guid":{"rendered":"https:\/\/store.rektor.no\/?product=prestige-briefcase-040313"},"modified":"2023-06-02T13:29:27","modified_gmt":"2023-06-02T13:29:27","slug":"prestige-briefcase-040313","status":"publish","type":"product","link":"https:\/\/store.rektor.no\/?product=prestige-briefcase-040313","title":{"rendered":"Prestige Briefcase &#8211; 040313"},"content":{"rendered":"<p>Artikelnummer:040313<\/p>\n","protected":false},"excerpt":{"rendered":"<p>Stilig veske med polstret hovedrom og frontlomme med SBS-glidel\u00e5s. Topp, bunn og sidene er PU-belagt for \u00e5 v\u00e6re ekstra slitesterk.  Kommer med b\u00e6reh\u00e5ndtak, Skulderreim med med en matt s\u00f8lvfarget metallklips.M\u00e5l:  39x31x9 cm. \u2248 8 liter.<\/p>\n","protected":false},"featured_media":14190,"template":"","meta":[],"product_cat":[364,349,348],"product_tag":[],"_links":{"self":[{"href":"https:\/\/store.rektor.no\/index.php?rest_route=\/wp\/v2\/product\/14189"}],"collection":[{"href":"https:\/\/store.rektor.no\/index.php?rest_route=\/wp\/v2\/product"}],"about":[{"href":"https:\/\/store.rektor.no\/index.php?rest_route=\/wp\/v2\/types\/product"}],"wp:featuredmedia":[{"embeddable":true,"href":"https:\/\/store.rektor.no\/index.php?rest_route=\/wp\/v2\/media\/14190"}],"wp:attachment":[{"href":"https:\/\/store.rektor.no\/index.php?rest_route=%2Fwp%2Fv2%2Fmedia&parent=14189"}],"wp:term":[{"taxonomy":"product_cat","embeddable":true,"href":"https:\/\/store.rektor.no\/index.php?rest_route=%2Fwp%2Fv2%2Fproduct_cat&post=14189"},{"taxonomy":"product_tag","embeddable":true,"href":"https:\/\/store.rektor.no\/index.php?rest_route=%2Fwp%2Fv2%2Fproduct_tag&post=14189"}],"curies":[{"name":"wp","href":"https:\/\/api.w.org\/{rel}","templated":true}]}}