{"id":14187,"date":"2023-05-15T08:16:07","date_gmt":"2023-05-15T08:16:07","guid":{"rendered":"https:\/\/store.rektor.no\/?product=prestige-dufflebag-040312"},"modified":"2023-06-02T13:29:26","modified_gmt":"2023-06-02T13:29:26","slug":"prestige-dufflebag-040312","status":"publish","type":"product","link":"https:\/\/store.rektor.no\/?product=prestige-dufflebag-040312","title":{"rendered":"Prestige Dufflebag &#8211; 040312"},"content":{"rendered":"<p>Artikelnummer:040312<\/p>\n","protected":false},"excerpt":{"rendered":"<p>Stilig duffelbag med stort hovedrom og en frontlomme, begge utstyrt med SBS-glidel\u00e5s. Toppen, bunnen og sidene er PU-belagt for \u00e5 gj\u00f8re den ekstra slitesterk. Kommer med stilige b\u00e6reh\u00e5ndtak og skulderreim med en matt s\u00f8lvfarget metallklips.M\u00e5l: 50x27x23 cm. \u2248 28 liter.<\/p>\n","protected":false},"featured_media":14188,"template":"","meta":[],"product_cat":[364,349,348],"product_tag":[],"_links":{"self":[{"href":"https:\/\/store.rektor.no\/index.php?rest_route=\/wp\/v2\/product\/14187"}],"collection":[{"href":"https:\/\/store.rektor.no\/index.php?rest_route=\/wp\/v2\/product"}],"about":[{"href":"https:\/\/store.rektor.no\/index.php?rest_route=\/wp\/v2\/types\/product"}],"wp:featuredmedia":[{"embeddable":true,"href":"https:\/\/store.rektor.no\/index.php?rest_route=\/wp\/v2\/media\/14188"}],"wp:attachment":[{"href":"https:\/\/store.rektor.no\/index.php?rest_route=%2Fwp%2Fv2%2Fmedia&parent=14187"}],"wp:term":[{"taxonomy":"product_cat","embeddable":true,"href":"https:\/\/store.rektor.no\/index.php?rest_route=%2Fwp%2Fv2%2Fproduct_cat&post=14187"},{"taxonomy":"product_tag","embeddable":true,"href":"https:\/\/store.rektor.no\/index.php?rest_route=%2Fwp%2Fv2%2Fproduct_tag&post=14187"}],"curies":[{"name":"wp","href":"https:\/\/api.w.org\/{rel}","templated":true}]}}