{"id":14185,"date":"2023-05-15T08:16:07","date_gmt":"2023-05-15T08:16:07","guid":{"rendered":"https:\/\/store.rektor.no\/?product=prestige-backpack-040311"},"modified":"2023-06-02T13:29:26","modified_gmt":"2023-06-02T13:29:26","slug":"prestige-backpack-040311","status":"publish","type":"product","link":"https:\/\/store.rektor.no\/?product=prestige-backpack-040311","title":{"rendered":"Prestige Backpack &#8211; 040311"},"content":{"rendered":"<p>Artikelnummer:040311<\/p>\n","protected":false},"excerpt":{"rendered":"<p>Stilig ryggsekk med god lagringsplass. Polstret reim og to ytterlommer, alle utstyrt med SBS.glidel\u00e5s. Toppen, bunnen og sidene er PU-belagt for \u00e5 gj\u00f8re materialet ekstra slitesterkt.  Kommer med b\u00e6reh\u00e5ndtak, polstrede og justerbare skulderstropper.M\u00e5l: 30x44x16 cm. \u2248 18 liter.<\/p>\n","protected":false},"featured_media":14186,"template":"","meta":[],"product_cat":[350,349,348],"product_tag":[],"_links":{"self":[{"href":"https:\/\/store.rektor.no\/index.php?rest_route=\/wp\/v2\/product\/14185"}],"collection":[{"href":"https:\/\/store.rektor.no\/index.php?rest_route=\/wp\/v2\/product"}],"about":[{"href":"https:\/\/store.rektor.no\/index.php?rest_route=\/wp\/v2\/types\/product"}],"wp:featuredmedia":[{"embeddable":true,"href":"https:\/\/store.rektor.no\/index.php?rest_route=\/wp\/v2\/media\/14186"}],"wp:attachment":[{"href":"https:\/\/store.rektor.no\/index.php?rest_route=%2Fwp%2Fv2%2Fmedia&parent=14185"}],"wp:term":[{"taxonomy":"product_cat","embeddable":true,"href":"https:\/\/store.rektor.no\/index.php?rest_route=%2Fwp%2Fv2%2Fproduct_cat&post=14185"},{"taxonomy":"product_tag","embeddable":true,"href":"https:\/\/store.rektor.no\/index.php?rest_route=%2Fwp%2Fv2%2Fproduct_tag&post=14185"}],"curies":[{"name":"wp","href":"https:\/\/api.w.org\/{rel}","templated":true}]}}