{"id":14183,"date":"2023-05-15T08:16:07","date_gmt":"2023-05-15T08:16:07","guid":{"rendered":"https:\/\/store.rektor.no\/?product=melange-travelbag-040304"},"modified":"2023-06-02T13:29:26","modified_gmt":"2023-06-02T13:29:26","slug":"melange-travelbag-040304","status":"publish","type":"product","link":"https:\/\/store.rektor.no\/?product=melange-travelbag-040304","title":{"rendered":"Melange Travelbag &#8211; 040304"},"content":{"rendered":"<p>Artikelnummer:040304<\/p>\n","protected":false},"excerpt":{"rendered":"<p>Den perfekte weekendbag! Stort hovedrom og en frontlomme, begge utstyrt med SBS-glidel\u00e5s. Leveres med solide b\u00e6reh\u00e5ntak og justerbar skulderreim.M\u00e5l: 48x22x26 cm \u2248 24 liter.<\/p>\n","protected":false},"featured_media":14184,"template":"","meta":[],"product_cat":[364,349,348],"product_tag":[],"_links":{"self":[{"href":"https:\/\/store.rektor.no\/index.php?rest_route=\/wp\/v2\/product\/14183"}],"collection":[{"href":"https:\/\/store.rektor.no\/index.php?rest_route=\/wp\/v2\/product"}],"about":[{"href":"https:\/\/store.rektor.no\/index.php?rest_route=\/wp\/v2\/types\/product"}],"wp:featuredmedia":[{"embeddable":true,"href":"https:\/\/store.rektor.no\/index.php?rest_route=\/wp\/v2\/media\/14184"}],"wp:attachment":[{"href":"https:\/\/store.rektor.no\/index.php?rest_route=%2Fwp%2Fv2%2Fmedia&parent=14183"}],"wp:term":[{"taxonomy":"product_cat","embeddable":true,"href":"https:\/\/store.rektor.no\/index.php?rest_route=%2Fwp%2Fv2%2Fproduct_cat&post=14183"},{"taxonomy":"product_tag","embeddable":true,"href":"https:\/\/store.rektor.no\/index.php?rest_route=%2Fwp%2Fv2%2Fproduct_tag&post=14183"}],"curies":[{"name":"wp","href":"https:\/\/api.w.org\/{rel}","templated":true}]}}