{"id":14181,"date":"2023-05-15T08:16:07","date_gmt":"2023-05-15T08:16:07","guid":{"rendered":"https:\/\/store.rektor.no\/?product=melange-computer-case-040303"},"modified":"2023-06-02T13:29:26","modified_gmt":"2023-06-02T13:29:26","slug":"melange-computer-case-040303","status":"publish","type":"product","link":"https:\/\/store.rektor.no\/?product=melange-computer-case-040303","title":{"rendered":"Melange Computer Case &#8211; 040303"},"content":{"rendered":"<p>Artikelnummer:040303<\/p>\n","protected":false},"excerpt":{"rendered":"<p>En minimalistisk designet dataveske. Polstret hovedrom og ytterlomme med SBS glidel\u00e5s. Kommer med solide b\u00e6reh\u00e5ntak.M\u00e5l: 36x26x3 cm. \u2248 3 liter.<\/p>\n","protected":false},"featured_media":14182,"template":"","meta":[],"product_cat":[364,349,348],"product_tag":[],"_links":{"self":[{"href":"https:\/\/store.rektor.no\/index.php?rest_route=\/wp\/v2\/product\/14181"}],"collection":[{"href":"https:\/\/store.rektor.no\/index.php?rest_route=\/wp\/v2\/product"}],"about":[{"href":"https:\/\/store.rektor.no\/index.php?rest_route=\/wp\/v2\/types\/product"}],"wp:featuredmedia":[{"embeddable":true,"href":"https:\/\/store.rektor.no\/index.php?rest_route=\/wp\/v2\/media\/14182"}],"wp:attachment":[{"href":"https:\/\/store.rektor.no\/index.php?rest_route=%2Fwp%2Fv2%2Fmedia&parent=14181"}],"wp:term":[{"taxonomy":"product_cat","embeddable":true,"href":"https:\/\/store.rektor.no\/index.php?rest_route=%2Fwp%2Fv2%2Fproduct_cat&post=14181"},{"taxonomy":"product_tag","embeddable":true,"href":"https:\/\/store.rektor.no\/index.php?rest_route=%2Fwp%2Fv2%2Fproduct_tag&post=14181"}],"curies":[{"name":"wp","href":"https:\/\/api.w.org\/{rel}","templated":true}]}}