{"id":14179,"date":"2023-05-15T08:16:07","date_gmt":"2023-05-15T08:16:07","guid":{"rendered":"https:\/\/store.rektor.no\/?product=melange-backpack-040302"},"modified":"2023-06-02T13:29:26","modified_gmt":"2023-06-02T13:29:26","slug":"melange-backpack-040302","status":"publish","type":"product","link":"https:\/\/store.rektor.no\/?product=melange-backpack-040302","title":{"rendered":"Melange Backpack &#8211; 040302"},"content":{"rendered":"<p>Artikelnummer:040302<\/p>\n","protected":false},"excerpt":{"rendered":"<p>En moderne ryggsekk godt egnet for byturer. Den har et hovedrom lukket med en snor og ytterlomme med SBS-glidel\u00e5s. Hovedrommmet kan komprimeres med to stropper, slik at eiendelene dine blir godt bevart n\u00e5r du er p\u00e5 farten. Sidelomme for ekstra lagringsplass.Kommer med b\u00e6reh\u00e5ntak, lett polstrede og justebare skulderstropper.M\u00e5l: 32x42x15 cm \u2248 20 liter.<\/p>\n","protected":false},"featured_media":14180,"template":"","meta":[],"product_cat":[350,349,348],"product_tag":[],"_links":{"self":[{"href":"https:\/\/store.rektor.no\/index.php?rest_route=\/wp\/v2\/product\/14179"}],"collection":[{"href":"https:\/\/store.rektor.no\/index.php?rest_route=\/wp\/v2\/product"}],"about":[{"href":"https:\/\/store.rektor.no\/index.php?rest_route=\/wp\/v2\/types\/product"}],"wp:featuredmedia":[{"embeddable":true,"href":"https:\/\/store.rektor.no\/index.php?rest_route=\/wp\/v2\/media\/14180"}],"wp:attachment":[{"href":"https:\/\/store.rektor.no\/index.php?rest_route=%2Fwp%2Fv2%2Fmedia&parent=14179"}],"wp:term":[{"taxonomy":"product_cat","embeddable":true,"href":"https:\/\/store.rektor.no\/index.php?rest_route=%2Fwp%2Fv2%2Fproduct_cat&post=14179"},{"taxonomy":"product_tag","embeddable":true,"href":"https:\/\/store.rektor.no\/index.php?rest_route=%2Fwp%2Fv2%2Fproduct_tag&post=14179"}],"curies":[{"name":"wp","href":"https:\/\/api.w.org\/{rel}","templated":true}]}}