{"id":14173,"date":"2023-05-15T08:16:07","date_gmt":"2023-05-15T08:16:07","guid":{"rendered":"https:\/\/store.rektor.no\/?product=2-0-toilet-bag-040249"},"modified":"2023-06-02T13:29:26","modified_gmt":"2023-06-02T13:29:26","slug":"2-0-toilet-bag-040249","status":"publish","type":"product","link":"https:\/\/store.rektor.no\/?product=2-0-toilet-bag-040249","title":{"rendered":"2.0 Toilet Bag &#8211; 040249"},"content":{"rendered":"<p>Artikelnummer:040249<\/p>\n","protected":false},"excerpt":{"rendered":"<p>En moderne toalettveske med flere muligheter til organisering. Stor glidel\u00e5slomme bak for enkel tilgang. Krok til \u00e5 feste toalettmappen n\u00e5r den er \u00e5pen. M\u00e5l: 25x19x10 cm. \u2248 5 liter.<\/p>\n","protected":false},"featured_media":14174,"template":"","meta":[],"product_cat":[364,349,348],"product_tag":[],"_links":{"self":[{"href":"https:\/\/store.rektor.no\/index.php?rest_route=\/wp\/v2\/product\/14173"}],"collection":[{"href":"https:\/\/store.rektor.no\/index.php?rest_route=\/wp\/v2\/product"}],"about":[{"href":"https:\/\/store.rektor.no\/index.php?rest_route=\/wp\/v2\/types\/product"}],"wp:featuredmedia":[{"embeddable":true,"href":"https:\/\/store.rektor.no\/index.php?rest_route=\/wp\/v2\/media\/14174"}],"wp:attachment":[{"href":"https:\/\/store.rektor.no\/index.php?rest_route=%2Fwp%2Fv2%2Fmedia&parent=14173"}],"wp:term":[{"taxonomy":"product_cat","embeddable":true,"href":"https:\/\/store.rektor.no\/index.php?rest_route=%2Fwp%2Fv2%2Fproduct_cat&post=14173"},{"taxonomy":"product_tag","embeddable":true,"href":"https:\/\/store.rektor.no\/index.php?rest_route=%2Fwp%2Fv2%2Fproduct_tag&post=14173"}],"curies":[{"name":"wp","href":"https:\/\/api.w.org\/{rel}","templated":true}]}}