{"id":14171,"date":"2023-05-15T08:16:07","date_gmt":"2023-05-15T08:16:07","guid":{"rendered":"https:\/\/store.rektor.no\/?product=2-0-computer-bag-040248"},"modified":"2023-06-02T13:29:26","modified_gmt":"2023-06-02T13:29:26","slug":"2-0-computer-bag-040248","status":"publish","type":"product","link":"https:\/\/store.rektor.no\/?product=2-0-computer-bag-040248","title":{"rendered":"2.0 Computer Bag &#8211; 040248"},"content":{"rendered":"<p>Artikelnummer:040248<\/p>\n","protected":false},"excerpt":{"rendered":"<p>Elegant laptopbag. Tre store rom separert av en vattert sleeve som beskytter laptopen. Flere sm\u00e5 rom for oppbevaring av accessories p\u00e5 innsiden. Avtagbar skulderstropp med plass til visittkort. To vatterte h\u00e5ndtak og to store ytterlommer med glidel\u00e5s. En solid stropp bak gj\u00f8r det mulig \u00e5 feste baggen p\u00e5 en trolley. M\u00e5l: 40x32x11 cm. \u224814 liter.<\/p>\n","protected":false},"featured_media":14172,"template":"","meta":[],"product_cat":[364,349,348],"product_tag":[],"_links":{"self":[{"href":"https:\/\/store.rektor.no\/index.php?rest_route=\/wp\/v2\/product\/14171"}],"collection":[{"href":"https:\/\/store.rektor.no\/index.php?rest_route=\/wp\/v2\/product"}],"about":[{"href":"https:\/\/store.rektor.no\/index.php?rest_route=\/wp\/v2\/types\/product"}],"wp:featuredmedia":[{"embeddable":true,"href":"https:\/\/store.rektor.no\/index.php?rest_route=\/wp\/v2\/media\/14172"}],"wp:attachment":[{"href":"https:\/\/store.rektor.no\/index.php?rest_route=%2Fwp%2Fv2%2Fmedia&parent=14171"}],"wp:term":[{"taxonomy":"product_cat","embeddable":true,"href":"https:\/\/store.rektor.no\/index.php?rest_route=%2Fwp%2Fv2%2Fproduct_cat&post=14171"},{"taxonomy":"product_tag","embeddable":true,"href":"https:\/\/store.rektor.no\/index.php?rest_route=%2Fwp%2Fv2%2Fproduct_tag&post=14171"}],"curies":[{"name":"wp","href":"https:\/\/api.w.org\/{rel}","templated":true}]}}