{"id":14169,"date":"2023-05-15T08:16:07","date_gmt":"2023-05-15T08:16:07","guid":{"rendered":"https:\/\/store.rektor.no\/?product=2-0-tote-bag-040247"},"modified":"2023-06-02T13:29:26","modified_gmt":"2023-06-02T13:29:26","slug":"2-0-tote-bag-040247","status":"publish","type":"product","link":"https:\/\/store.rektor.no\/?product=2-0-tote-bag-040247","title":{"rendered":"2.0 Tote Bag &#8211; 040247"},"content":{"rendered":"<p>Artikelnummer:040247<\/p>\n","protected":false},"excerpt":{"rendered":"<p>Stilig veske til laptop. Et stort hovedrom med en vattert sleeve for \u00e5 beskytte laptopen. Hovedrommet kan lukkes med glidel\u00e5s. To store siderom med glidel\u00e5s p\u00e5 utsiden. Avtagbar skulderstropp med plass til visittkort. En integrert stropp bak gj\u00f8r det mulig \u00e5 feste vesken til en trolley. M\u00e5l: 38x33x14,5 cm. \u224818 liter.<\/p>\n","protected":false},"featured_media":14170,"template":"","meta":[],"product_cat":[364,349,348],"product_tag":[],"_links":{"self":[{"href":"https:\/\/store.rektor.no\/index.php?rest_route=\/wp\/v2\/product\/14169"}],"collection":[{"href":"https:\/\/store.rektor.no\/index.php?rest_route=\/wp\/v2\/product"}],"about":[{"href":"https:\/\/store.rektor.no\/index.php?rest_route=\/wp\/v2\/types\/product"}],"wp:featuredmedia":[{"embeddable":true,"href":"https:\/\/store.rektor.no\/index.php?rest_route=\/wp\/v2\/media\/14170"}],"wp:attachment":[{"href":"https:\/\/store.rektor.no\/index.php?rest_route=%2Fwp%2Fv2%2Fmedia&parent=14169"}],"wp:term":[{"taxonomy":"product_cat","embeddable":true,"href":"https:\/\/store.rektor.no\/index.php?rest_route=%2Fwp%2Fv2%2Fproduct_cat&post=14169"},{"taxonomy":"product_tag","embeddable":true,"href":"https:\/\/store.rektor.no\/index.php?rest_route=%2Fwp%2Fv2%2Fproduct_tag&post=14169"}],"curies":[{"name":"wp","href":"https:\/\/api.w.org\/{rel}","templated":true}]}}