{"id":14167,"date":"2023-05-15T08:16:07","date_gmt":"2023-05-15T08:16:07","guid":{"rendered":"https:\/\/store.rektor.no\/?product=2-0-duffle-040246"},"modified":"2023-06-02T13:29:25","modified_gmt":"2023-06-02T13:29:25","slug":"2-0-duffle-040246","status":"publish","type":"product","link":"https:\/\/store.rektor.no\/?product=2-0-duffle-040246","title":{"rendered":"2.0 Duffle &#8211; 040246"},"content":{"rendered":"<p>Artikelnummer:040246<\/p>\n","protected":false},"excerpt":{"rendered":"<p>En allsidig duffelbag med god ventilasjon. Hovedrommet er ventilert og har glidel\u00e5slommer samt n\u00f8kkelkrok. Avtagbar skulderstropp med plass til visittkort. P\u00e5 siden er det et ventilert rom for sko eller h\u00e5ndkle. M\u00e5l:  48&#215;25,5&#215;28,5 cm. \u2248 34 liter.<\/p>\n","protected":false},"featured_media":14168,"template":"","meta":[],"product_cat":[364,349,348],"product_tag":[],"_links":{"self":[{"href":"https:\/\/store.rektor.no\/index.php?rest_route=\/wp\/v2\/product\/14167"}],"collection":[{"href":"https:\/\/store.rektor.no\/index.php?rest_route=\/wp\/v2\/product"}],"about":[{"href":"https:\/\/store.rektor.no\/index.php?rest_route=\/wp\/v2\/types\/product"}],"wp:featuredmedia":[{"embeddable":true,"href":"https:\/\/store.rektor.no\/index.php?rest_route=\/wp\/v2\/media\/14168"}],"wp:attachment":[{"href":"https:\/\/store.rektor.no\/index.php?rest_route=%2Fwp%2Fv2%2Fmedia&parent=14167"}],"wp:term":[{"taxonomy":"product_cat","embeddable":true,"href":"https:\/\/store.rektor.no\/index.php?rest_route=%2Fwp%2Fv2%2Fproduct_cat&post=14167"},{"taxonomy":"product_tag","embeddable":true,"href":"https:\/\/store.rektor.no\/index.php?rest_route=%2Fwp%2Fv2%2Fproduct_tag&post=14167"}],"curies":[{"name":"wp","href":"https:\/\/api.w.org\/{rel}","templated":true}]}}