{"id":14163,"date":"2023-05-15T08:16:07","date_gmt":"2023-05-15T08:16:07","guid":{"rendered":"https:\/\/store.rektor.no\/?product=2-0-travel-bag-small-040244"},"modified":"2023-06-02T13:29:25","modified_gmt":"2023-06-02T13:29:25","slug":"2-0-travel-bag-small-040244","status":"publish","type":"product","link":"https:\/\/store.rektor.no\/?product=2-0-travel-bag-small-040244","title":{"rendered":"2.0 Travel Bag Small &#8211; 040244"},"content":{"rendered":"<p>Artikelnummer:040244<\/p>\n","protected":false},"excerpt":{"rendered":"<p>Den perfekte reisebaggen for en weekend. Hovedrommet er tilgjengelig via en u-formet glidel\u00e5s\u00e5pning for en enklere pakking. P\u00e5 innsiden er det en hengende sidelomme og n\u00f8kkelkrok. En kraftig og avtagbar skuldrestropp med plass til visittkort. B\u00e6reh\u00e5ndtak som enkelt kan festes med borrel\u00e5s p\u00e5 toppen. Lomme p\u00e5 begge ender av baggen til f.eks. oppbevaring av sko og h\u00e5ndkle. Glidel\u00e5slommer foran og bak. M\u00e5l: 46x25x25 cm. \u2248 29 liter.<\/p>\n","protected":false},"featured_media":14164,"template":"","meta":[],"product_cat":[364,349,348],"product_tag":[],"_links":{"self":[{"href":"https:\/\/store.rektor.no\/index.php?rest_route=\/wp\/v2\/product\/14163"}],"collection":[{"href":"https:\/\/store.rektor.no\/index.php?rest_route=\/wp\/v2\/product"}],"about":[{"href":"https:\/\/store.rektor.no\/index.php?rest_route=\/wp\/v2\/types\/product"}],"wp:featuredmedia":[{"embeddable":true,"href":"https:\/\/store.rektor.no\/index.php?rest_route=\/wp\/v2\/media\/14164"}],"wp:attachment":[{"href":"https:\/\/store.rektor.no\/index.php?rest_route=%2Fwp%2Fv2%2Fmedia&parent=14163"}],"wp:term":[{"taxonomy":"product_cat","embeddable":true,"href":"https:\/\/store.rektor.no\/index.php?rest_route=%2Fwp%2Fv2%2Fproduct_cat&post=14163"},{"taxonomy":"product_tag","embeddable":true,"href":"https:\/\/store.rektor.no\/index.php?rest_route=%2Fwp%2Fv2%2Fproduct_tag&post=14163"}],"curies":[{"name":"wp","href":"https:\/\/api.w.org\/{rel}","templated":true}]}}