{"id":14161,"date":"2023-05-15T08:16:07","date_gmt":"2023-05-15T08:16:07","guid":{"rendered":"https:\/\/store.rektor.no\/?product=2-0-cooler-backpack-040243"},"modified":"2023-06-02T13:29:25","modified_gmt":"2023-06-02T13:29:25","slug":"2-0-cooler-backpack-040243","status":"publish","type":"product","link":"https:\/\/store.rektor.no\/?product=2-0-cooler-backpack-040243","title":{"rendered":"2.0 Cooler Backpack &#8211; 040243"},"content":{"rendered":"<p>Artikelnummer:040243<\/p>\n","protected":false},"excerpt":{"rendered":"<p>Perfekt kj\u00f8lesekk til mat og drikke. To store rom, et som er godt isolert til kj\u00f8ling og en meshlomme til oppbevaring. Topplomme for enkel tilgang. To store meshlommer p\u00e5 utsiden. Flaske\u00e5pner i hovedglidel\u00e5s. Reflekterende detaljer gj\u00f8r sekken synlig i m\u00f8rket. M\u00e5l: 43,5x31x17 cm. \u2248 23 liter.<\/p>\n","protected":false},"featured_media":14162,"template":"","meta":[],"product_cat":[364,349,348],"product_tag":[],"_links":{"self":[{"href":"https:\/\/store.rektor.no\/index.php?rest_route=\/wp\/v2\/product\/14161"}],"collection":[{"href":"https:\/\/store.rektor.no\/index.php?rest_route=\/wp\/v2\/product"}],"about":[{"href":"https:\/\/store.rektor.no\/index.php?rest_route=\/wp\/v2\/types\/product"}],"wp:featuredmedia":[{"embeddable":true,"href":"https:\/\/store.rektor.no\/index.php?rest_route=\/wp\/v2\/media\/14162"}],"wp:attachment":[{"href":"https:\/\/store.rektor.no\/index.php?rest_route=%2Fwp%2Fv2%2Fmedia&parent=14161"}],"wp:term":[{"taxonomy":"product_cat","embeddable":true,"href":"https:\/\/store.rektor.no\/index.php?rest_route=%2Fwp%2Fv2%2Fproduct_cat&post=14161"},{"taxonomy":"product_tag","embeddable":true,"href":"https:\/\/store.rektor.no\/index.php?rest_route=%2Fwp%2Fv2%2Fproduct_tag&post=14161"}],"curies":[{"name":"wp","href":"https:\/\/api.w.org\/{rel}","templated":true}]}}