{"id":14159,"date":"2023-05-15T08:16:07","date_gmt":"2023-05-15T08:16:07","guid":{"rendered":"https:\/\/store.rektor.no\/?product=2-0-daypack-040242"},"modified":"2023-06-02T13:29:24","modified_gmt":"2023-06-02T13:29:24","slug":"2-0-daypack-040242","status":"publish","type":"product","link":"https:\/\/store.rektor.no\/?product=2-0-daypack-040242","title":{"rendered":"2.0 Daypack &#8211; 040242"},"content":{"rendered":"<p>Artikelnummer:040242<\/p>\n","protected":false},"excerpt":{"rendered":"<p>En lett og fleksibel sekk til hverdagsbruk. Tre store rom og en glidel\u00e5slomme i mesh. Det tredje rommet er bak en skjult glidel\u00e5s under skulderstroppene. To funksjonelle lommer p\u00e5 toppen og en p\u00e5 siden av sekken. To store mesh lommer p\u00e5 sidene med elastiske stropper. Smart h\u00e5ndtak i skulderstroppene med en bryst- og midjestropp til \u00e5 feste for bedre komfort. Reflekterende detaljer gj\u00f8r sekken synlig i m\u00f8rket. M\u00e5l: 41x23x13 cm. \u2248  12 liter.<\/p>\n","protected":false},"featured_media":14160,"template":"","meta":[],"product_cat":[364,349,348],"product_tag":[],"_links":{"self":[{"href":"https:\/\/store.rektor.no\/index.php?rest_route=\/wp\/v2\/product\/14159"}],"collection":[{"href":"https:\/\/store.rektor.no\/index.php?rest_route=\/wp\/v2\/product"}],"about":[{"href":"https:\/\/store.rektor.no\/index.php?rest_route=\/wp\/v2\/types\/product"}],"wp:featuredmedia":[{"embeddable":true,"href":"https:\/\/store.rektor.no\/index.php?rest_route=\/wp\/v2\/media\/14160"}],"wp:attachment":[{"href":"https:\/\/store.rektor.no\/index.php?rest_route=%2Fwp%2Fv2%2Fmedia&parent=14159"}],"wp:term":[{"taxonomy":"product_cat","embeddable":true,"href":"https:\/\/store.rektor.no\/index.php?rest_route=%2Fwp%2Fv2%2Fproduct_cat&post=14159"},{"taxonomy":"product_tag","embeddable":true,"href":"https:\/\/store.rektor.no\/index.php?rest_route=%2Fwp%2Fv2%2Fproduct_tag&post=14159"}],"curies":[{"name":"wp","href":"https:\/\/api.w.org\/{rel}","templated":true}]}}