{"id":14157,"date":"2023-05-15T08:16:07","date_gmt":"2023-05-15T08:16:07","guid":{"rendered":"https:\/\/store.rektor.no\/?product=2-0-backpack-040241"},"modified":"2023-06-02T13:29:24","modified_gmt":"2023-06-02T13:29:24","slug":"2-0-backpack-040241","status":"publish","type":"product","link":"https:\/\/store.rektor.no\/?product=2-0-backpack-040241","title":{"rendered":"2.0 Backpack &#8211; 040241"},"content":{"rendered":"<p>Artikelnummer:040241<\/p>\n","protected":false},"excerpt":{"rendered":"<p>Funksjonell backpack i velutviklet design. Tilpasset de fleste anledninger. To store rom separert av en sleeve som beskytter laptop. Meshlomme for n\u00f8kkeloppbevaring. Lomme i toppen av sekken for lett tilgang og en skjult lomme bak til verdisaker. En solid stropp bak gir mulighet for \u00e5 feste sekken p\u00e5 en trolley. Reflekterende detaljer gj\u00f8r sekken synlig i m\u00f8rket. M\u00e5l:  45x31x20 cm. \u2248  28 liter.<\/p>\n","protected":false},"featured_media":14158,"template":"","meta":[],"product_cat":[364,349,348],"product_tag":[],"_links":{"self":[{"href":"https:\/\/store.rektor.no\/index.php?rest_route=\/wp\/v2\/product\/14157"}],"collection":[{"href":"https:\/\/store.rektor.no\/index.php?rest_route=\/wp\/v2\/product"}],"about":[{"href":"https:\/\/store.rektor.no\/index.php?rest_route=\/wp\/v2\/types\/product"}],"wp:featuredmedia":[{"embeddable":true,"href":"https:\/\/store.rektor.no\/index.php?rest_route=\/wp\/v2\/media\/14158"}],"wp:attachment":[{"href":"https:\/\/store.rektor.no\/index.php?rest_route=%2Fwp%2Fv2%2Fmedia&parent=14157"}],"wp:term":[{"taxonomy":"product_cat","embeddable":true,"href":"https:\/\/store.rektor.no\/index.php?rest_route=%2Fwp%2Fv2%2Fproduct_cat&post=14157"},{"taxonomy":"product_tag","embeddable":true,"href":"https:\/\/store.rektor.no\/index.php?rest_route=%2Fwp%2Fv2%2Fproduct_tag&post=14157"}],"curies":[{"name":"wp","href":"https:\/\/api.w.org\/{rel}","templated":true}]}}