{"id":14141,"date":"2023-05-15T08:15:54","date_gmt":"2023-05-15T08:15:54","guid":{"rendered":"https:\/\/store.rektor.no\/?product=street-backpack-040223"},"modified":"2023-06-02T13:29:23","modified_gmt":"2023-06-02T13:29:23","slug":"street-backpack-040223","status":"publish","type":"product","link":"https:\/\/store.rektor.no\/?product=street-backpack-040223","title":{"rendered":"Street Backpack &#8211; 040223"},"content":{"rendered":"<p>Artikelnummer:040223<\/p>\n","protected":false},"excerpt":{"rendered":"<p>Lett og fin ryggsekk med et stort hovedrom. Vattert lomme til PC. Glidel\u00e5slomme i front og mesh lommer p\u00e5 begge sider til sm\u00e5 ting man trenger rask tilgang til. En lomme bak for sikkerhetslagring. TPU glidel\u00e5ser og reflekterende zip pullers. M\u00e5l: 29,5&#215;45,5&#215;12 cm \u2248 16 liter.<\/p>\n","protected":false},"featured_media":14142,"template":"","meta":[],"product_cat":[350,349,348],"product_tag":[],"_links":{"self":[{"href":"https:\/\/store.rektor.no\/index.php?rest_route=\/wp\/v2\/product\/14141"}],"collection":[{"href":"https:\/\/store.rektor.no\/index.php?rest_route=\/wp\/v2\/product"}],"about":[{"href":"https:\/\/store.rektor.no\/index.php?rest_route=\/wp\/v2\/types\/product"}],"wp:featuredmedia":[{"embeddable":true,"href":"https:\/\/store.rektor.no\/index.php?rest_route=\/wp\/v2\/media\/14142"}],"wp:attachment":[{"href":"https:\/\/store.rektor.no\/index.php?rest_route=%2Fwp%2Fv2%2Fmedia&parent=14141"}],"wp:term":[{"taxonomy":"product_cat","embeddable":true,"href":"https:\/\/store.rektor.no\/index.php?rest_route=%2Fwp%2Fv2%2Fproduct_cat&post=14141"},{"taxonomy":"product_tag","embeddable":true,"href":"https:\/\/store.rektor.no\/index.php?rest_route=%2Fwp%2Fv2%2Fproduct_tag&post=14141"}],"curies":[{"name":"wp","href":"https:\/\/api.w.org\/{rel}","templated":true}]}}