{"id":14139,"date":"2023-05-15T08:15:54","date_gmt":"2023-05-15T08:15:54","guid":{"rendered":"https:\/\/store.rektor.no\/?product=weekend-duffle-040222"},"modified":"2023-06-02T13:29:23","modified_gmt":"2023-06-02T13:29:23","slug":"weekend-duffle-040222","status":"publish","type":"product","link":"https:\/\/store.rektor.no\/?product=weekend-duffle-040222","title":{"rendered":"Weekend Duffle &#8211; 040222"},"content":{"rendered":"<p>Artikelnummer:040222<\/p>\n","protected":false},"excerpt":{"rendered":"<p>Weekend bag med et stort hovedrom. To mindre lommer p\u00e5 innsiden. Diagonal b\u00e6restropp med padding for behagelig bruk. TPU glidel\u00e5ser og reflekterende zip pullers. Innvendig n\u00f8kkelkrok. M\u00e5l: 57x43x21 cm \u2248 51,5 liter.<\/p>\n","protected":false},"featured_media":14140,"template":"","meta":[],"product_cat":[364,349,348],"product_tag":[],"_links":{"self":[{"href":"https:\/\/store.rektor.no\/index.php?rest_route=\/wp\/v2\/product\/14139"}],"collection":[{"href":"https:\/\/store.rektor.no\/index.php?rest_route=\/wp\/v2\/product"}],"about":[{"href":"https:\/\/store.rektor.no\/index.php?rest_route=\/wp\/v2\/types\/product"}],"wp:featuredmedia":[{"embeddable":true,"href":"https:\/\/store.rektor.no\/index.php?rest_route=\/wp\/v2\/media\/14140"}],"wp:attachment":[{"href":"https:\/\/store.rektor.no\/index.php?rest_route=%2Fwp%2Fv2%2Fmedia&parent=14139"}],"wp:term":[{"taxonomy":"product_cat","embeddable":true,"href":"https:\/\/store.rektor.no\/index.php?rest_route=%2Fwp%2Fv2%2Fproduct_cat&post=14139"},{"taxonomy":"product_tag","embeddable":true,"href":"https:\/\/store.rektor.no\/index.php?rest_route=%2Fwp%2Fv2%2Fproduct_tag&post=14139"}],"curies":[{"name":"wp","href":"https:\/\/api.w.org\/{rel}","templated":true}]}}