{"id":14137,"date":"2023-05-15T08:15:54","date_gmt":"2023-05-15T08:15:54","guid":{"rendered":"https:\/\/store.rektor.no\/?product=laptop-bag-040221"},"modified":"2023-06-02T13:29:23","modified_gmt":"2023-06-02T13:29:23","slug":"laptop-bag-040221","status":"publish","type":"product","link":"https:\/\/store.rektor.no\/?product=laptop-bag-040221","title":{"rendered":"Laptop Bag &#8211; 040221"},"content":{"rendered":"<p>Artikelnummer:040221<\/p>\n","protected":false},"excerpt":{"rendered":"<p>En klassisk smal laptop veske med mange rom for oppbevaring og plass til 15&#8243; pc. En stor hovedlomme med plass til det du trenger i l\u00f8pet av dagen. Innvendig n\u00f8kkelkrok. TPU glidel\u00e5ser og reflekterende zip pullers. M\u00e5l: 42x33x9 cm \u2248 12,5 liter.<\/p>\n","protected":false},"featured_media":14138,"template":"","meta":[],"product_cat":[364,349,348],"product_tag":[],"_links":{"self":[{"href":"https:\/\/store.rektor.no\/index.php?rest_route=\/wp\/v2\/product\/14137"}],"collection":[{"href":"https:\/\/store.rektor.no\/index.php?rest_route=\/wp\/v2\/product"}],"about":[{"href":"https:\/\/store.rektor.no\/index.php?rest_route=\/wp\/v2\/types\/product"}],"wp:featuredmedia":[{"embeddable":true,"href":"https:\/\/store.rektor.no\/index.php?rest_route=\/wp\/v2\/media\/14138"}],"wp:attachment":[{"href":"https:\/\/store.rektor.no\/index.php?rest_route=%2Fwp%2Fv2%2Fmedia&parent=14137"}],"wp:term":[{"taxonomy":"product_cat","embeddable":true,"href":"https:\/\/store.rektor.no\/index.php?rest_route=%2Fwp%2Fv2%2Fproduct_cat&post=14137"},{"taxonomy":"product_tag","embeddable":true,"href":"https:\/\/store.rektor.no\/index.php?rest_route=%2Fwp%2Fv2%2Fproduct_tag&post=14137"}],"curies":[{"name":"wp","href":"https:\/\/api.w.org\/{rel}","templated":true}]}}