{"id":14135,"date":"2023-05-15T08:15:54","date_gmt":"2023-05-15T08:15:54","guid":{"rendered":"https:\/\/store.rektor.no\/?product=roll-up-backpack-040220"},"modified":"2023-06-02T13:29:23","modified_gmt":"2023-06-02T13:29:23","slug":"roll-up-backpack-040220","status":"publish","type":"product","link":"https:\/\/store.rektor.no\/?product=roll-up-backpack-040220","title":{"rendered":"Roll-Up Backpack &#8211; 040220"},"content":{"rendered":"<p>Artikelnummer:040220<\/p>\n","protected":false},"excerpt":{"rendered":"<p>Moderne ryggsekk med &#8220;roll up&#8221; funksjon for \u00e5 \u00f8ke volumet ved behov. Separat lomme til 15&#8243; pc. Sikkerhetslomme bak og skjult lomme i bunnen. To lommer p\u00e5 siden. TPU glidel\u00e5s, reflekterende zip pullers og innvendig n\u00f8kkelkrok. M\u00e5l: 29x42x15 cm \u2248 18 liter.<\/p>\n","protected":false},"featured_media":14136,"template":"","meta":[],"product_cat":[350,349,348],"product_tag":[],"_links":{"self":[{"href":"https:\/\/store.rektor.no\/index.php?rest_route=\/wp\/v2\/product\/14135"}],"collection":[{"href":"https:\/\/store.rektor.no\/index.php?rest_route=\/wp\/v2\/product"}],"about":[{"href":"https:\/\/store.rektor.no\/index.php?rest_route=\/wp\/v2\/types\/product"}],"wp:featuredmedia":[{"embeddable":true,"href":"https:\/\/store.rektor.no\/index.php?rest_route=\/wp\/v2\/media\/14136"}],"wp:attachment":[{"href":"https:\/\/store.rektor.no\/index.php?rest_route=%2Fwp%2Fv2%2Fmedia&parent=14135"}],"wp:term":[{"taxonomy":"product_cat","embeddable":true,"href":"https:\/\/store.rektor.no\/index.php?rest_route=%2Fwp%2Fv2%2Fproduct_cat&post=14135"},{"taxonomy":"product_tag","embeddable":true,"href":"https:\/\/store.rektor.no\/index.php?rest_route=%2Fwp%2Fv2%2Fproduct_tag&post=14135"}],"curies":[{"name":"wp","href":"https:\/\/api.w.org\/{rel}","templated":true}]}}