{"id":14127,"date":"2023-05-15T08:15:54","date_gmt":"2023-05-15T08:15:54","guid":{"rendered":"https:\/\/store.rektor.no\/?product=sport-bag-040208"},"modified":"2023-06-02T13:29:23","modified_gmt":"2023-06-02T13:29:23","slug":"sport-bag-040208","status":"publish","type":"product","link":"https:\/\/store.rektor.no\/?product=sport-bag-040208","title":{"rendered":"Sport Bag &#8211; 040208"},"content":{"rendered":"<p>Artikelnummer:040208<\/p>\n","protected":false},"excerpt":{"rendered":"<p>Sporty bag med skolomme p\u00e5 kortsiden. Ytterlomme med glidel\u00e5s, refleksb\u00e5nd og svart bunn. To b\u00e6reremmer og avtagbar skulderrem.54x30x27cm \u2248 41 l.<\/p>\n","protected":false},"featured_media":14128,"template":"","meta":[],"product_cat":[364,349,348],"product_tag":[],"_links":{"self":[{"href":"https:\/\/store.rektor.no\/index.php?rest_route=\/wp\/v2\/product\/14127"}],"collection":[{"href":"https:\/\/store.rektor.no\/index.php?rest_route=\/wp\/v2\/product"}],"about":[{"href":"https:\/\/store.rektor.no\/index.php?rest_route=\/wp\/v2\/types\/product"}],"wp:featuredmedia":[{"embeddable":true,"href":"https:\/\/store.rektor.no\/index.php?rest_route=\/wp\/v2\/media\/14128"}],"wp:attachment":[{"href":"https:\/\/store.rektor.no\/index.php?rest_route=%2Fwp%2Fv2%2Fmedia&parent=14127"}],"wp:term":[{"taxonomy":"product_cat","embeddable":true,"href":"https:\/\/store.rektor.no\/index.php?rest_route=%2Fwp%2Fv2%2Fproduct_cat&post=14127"},{"taxonomy":"product_tag","embeddable":true,"href":"https:\/\/store.rektor.no\/index.php?rest_route=%2Fwp%2Fv2%2Fproduct_tag&post=14127"}],"curies":[{"name":"wp","href":"https:\/\/api.w.org\/{rel}","templated":true}]}}