{"id":14119,"date":"2023-05-15T08:15:54","date_gmt":"2023-05-15T08:15:54","guid":{"rendered":"https:\/\/store.rektor.no\/?product=backpack-040207"},"modified":"2023-06-02T13:29:22","modified_gmt":"2023-06-02T13:29:22","slug":"backpack-040207","status":"publish","type":"product","link":"https:\/\/store.rektor.no\/?product=backpack-040207","title":{"rendered":"Backpack &#8211; 040207"},"content":{"rendered":"<p>Artikelnummer:040207<\/p>\n","protected":false},"excerpt":{"rendered":"<p>Praktisk ryggsekk som rommer det viktigste til sportslige aktiviteter. Regulerbare stropper p\u00e5 sidene og refleksb\u00e5nd p\u00e5 utsiden. Lomme med synlig glidel\u00e5s i front. Kraftig h\u00e5ndtak i gummiert materiale. Flere innvendige lommer med plass til sm\u00e5ting og mobiltelefon. Vattert bakside slik at man har god komfort mot ryggen. Regulerbare og vatterte b\u00e6reremmer.46x28x13cm \u2248 16 l.<\/p>\n","protected":false},"featured_media":14120,"template":"","meta":[],"product_cat":[350,349,348],"product_tag":[],"_links":{"self":[{"href":"https:\/\/store.rektor.no\/index.php?rest_route=\/wp\/v2\/product\/14119"}],"collection":[{"href":"https:\/\/store.rektor.no\/index.php?rest_route=\/wp\/v2\/product"}],"about":[{"href":"https:\/\/store.rektor.no\/index.php?rest_route=\/wp\/v2\/types\/product"}],"wp:featuredmedia":[{"embeddable":true,"href":"https:\/\/store.rektor.no\/index.php?rest_route=\/wp\/v2\/media\/14120"}],"wp:attachment":[{"href":"https:\/\/store.rektor.no\/index.php?rest_route=%2Fwp%2Fv2%2Fmedia&parent=14119"}],"wp:term":[{"taxonomy":"product_cat","embeddable":true,"href":"https:\/\/store.rektor.no\/index.php?rest_route=%2Fwp%2Fv2%2Fproduct_cat&post=14119"},{"taxonomy":"product_tag","embeddable":true,"href":"https:\/\/store.rektor.no\/index.php?rest_route=%2Fwp%2Fv2%2Fproduct_tag&post=14119"}],"curies":[{"name":"wp","href":"https:\/\/api.w.org\/{rel}","templated":true}]}}