{"id":14105,"date":"2023-05-15T08:15:42","date_gmt":"2023-05-15T08:15:42","guid":{"rendered":"https:\/\/store.rektor.no\/?product=smart-backpack-040163"},"modified":"2023-06-02T13:29:20","modified_gmt":"2023-06-02T13:29:20","slug":"smart-backpack-040163","status":"publish","type":"product","link":"https:\/\/store.rektor.no\/?product=smart-backpack-040163","title":{"rendered":"Smart Backpack &#8211; 040163"},"content":{"rendered":"<p>Artikelnummer:040163<\/p>\n","protected":false},"excerpt":{"rendered":"<p>To-farget lett sportslig poseveske med glidel\u00e5sjustering. God trykkflate.48&#215;35.5cm \u2248 10 l.M\u00e5l p\u00e5 \u00f8vre del av svart felt (over glidel\u00e5s) :H\u00f8yde: 13 cm Bredde \u00f8verst: 15 cm Bredde neders: 17 cm<\/p>\n","protected":false},"featured_media":14106,"template":"","meta":[],"product_cat":[364,349,348],"product_tag":[],"_links":{"self":[{"href":"https:\/\/store.rektor.no\/index.php?rest_route=\/wp\/v2\/product\/14105"}],"collection":[{"href":"https:\/\/store.rektor.no\/index.php?rest_route=\/wp\/v2\/product"}],"about":[{"href":"https:\/\/store.rektor.no\/index.php?rest_route=\/wp\/v2\/types\/product"}],"wp:featuredmedia":[{"embeddable":true,"href":"https:\/\/store.rektor.no\/index.php?rest_route=\/wp\/v2\/media\/14106"}],"wp:attachment":[{"href":"https:\/\/store.rektor.no\/index.php?rest_route=%2Fwp%2Fv2%2Fmedia&parent=14105"}],"wp:term":[{"taxonomy":"product_cat","embeddable":true,"href":"https:\/\/store.rektor.no\/index.php?rest_route=%2Fwp%2Fv2%2Fproduct_cat&post=14105"},{"taxonomy":"product_tag","embeddable":true,"href":"https:\/\/store.rektor.no\/index.php?rest_route=%2Fwp%2Fv2%2Fproduct_tag&post=14105"}],"curies":[{"name":"wp","href":"https:\/\/api.w.org\/{rel}","templated":true}]}}