{"id":14095,"date":"2023-05-15T08:15:42","date_gmt":"2023-05-15T08:15:42","guid":{"rendered":"https:\/\/store.rektor.no\/?product=basic-bag-040162"},"modified":"2023-06-02T13:29:19","modified_gmt":"2023-06-02T13:29:19","slug":"basic-bag-040162","status":"publish","type":"product","link":"https:\/\/store.rektor.no\/?product=basic-bag-040162","title":{"rendered":"Basic Bag &#8211; 040162"},"content":{"rendered":"<p>Artikelnummer:040162<\/p>\n","protected":false},"excerpt":{"rendered":"<p>Tofarget lett sportsbag i Non-Woven materiale. Justerbare og avtagbare stropper. Lomme med glidel\u00e5s p\u00e5 siden. Glidel\u00e5s med plass til din egen firmalogo. 50x30x25cm \u2248 35 l<\/p>\n","protected":false},"featured_media":14096,"template":"","meta":[],"product_cat":[364,349,348],"product_tag":[],"_links":{"self":[{"href":"https:\/\/store.rektor.no\/index.php?rest_route=\/wp\/v2\/product\/14095"}],"collection":[{"href":"https:\/\/store.rektor.no\/index.php?rest_route=\/wp\/v2\/product"}],"about":[{"href":"https:\/\/store.rektor.no\/index.php?rest_route=\/wp\/v2\/types\/product"}],"wp:featuredmedia":[{"embeddable":true,"href":"https:\/\/store.rektor.no\/index.php?rest_route=\/wp\/v2\/media\/14096"}],"wp:attachment":[{"href":"https:\/\/store.rektor.no\/index.php?rest_route=%2Fwp%2Fv2%2Fmedia&parent=14095"}],"wp:term":[{"taxonomy":"product_cat","embeddable":true,"href":"https:\/\/store.rektor.no\/index.php?rest_route=%2Fwp%2Fv2%2Fproduct_cat&post=14095"},{"taxonomy":"product_tag","embeddable":true,"href":"https:\/\/store.rektor.no\/index.php?rest_route=%2Fwp%2Fv2%2Fproduct_tag&post=14095"}],"curies":[{"name":"wp","href":"https:\/\/api.w.org\/{rel}","templated":true}]}}