{"id":13952,"date":"2023-05-15T08:14:43","date_gmt":"2023-05-15T08:14:43","guid":{"rendered":"https:\/\/store.rektor.no\/?product=backpack-040103"},"modified":"2023-06-02T13:28:43","modified_gmt":"2023-06-02T13:28:43","slug":"backpack-040103","status":"publish","type":"product","link":"https:\/\/store.rektor.no\/?product=backpack-040103","title":{"rendered":"Backpack &#8211; 040103"},"content":{"rendered":"<p>Artikelnummer:040103<\/p>\n","protected":false},"excerpt":{"rendered":"<p>Praktisk ryggsekk med kraftig b\u00e6resystem som man vanligvis bare finner p\u00e5 st\u00f8rre sekker. Meget god komfort med justerbart midjeb\u00e5nd og lynl\u00e5s som sikrer sekken ved aktiv bruk. Lomme til mobiltelefon er en selvf\u00f8lgelighet p\u00e5 denne moderne ryggsekken.St\u00f8rrelse: Ca 23 L \/ 33x42x17 cm.Trykkflate p\u00e5 lomme i front: Bredde 16 cm. H\u00f8yde 13 cm.<\/p>\n","protected":false},"featured_media":13953,"template":"","meta":[],"product_cat":[350,349,348],"product_tag":[],"_links":{"self":[{"href":"https:\/\/store.rektor.no\/index.php?rest_route=\/wp\/v2\/product\/13952"}],"collection":[{"href":"https:\/\/store.rektor.no\/index.php?rest_route=\/wp\/v2\/product"}],"about":[{"href":"https:\/\/store.rektor.no\/index.php?rest_route=\/wp\/v2\/types\/product"}],"wp:featuredmedia":[{"embeddable":true,"href":"https:\/\/store.rektor.no\/index.php?rest_route=\/wp\/v2\/media\/13953"}],"wp:attachment":[{"href":"https:\/\/store.rektor.no\/index.php?rest_route=%2Fwp%2Fv2%2Fmedia&parent=13952"}],"wp:term":[{"taxonomy":"product_cat","embeddable":true,"href":"https:\/\/store.rektor.no\/index.php?rest_route=%2Fwp%2Fv2%2Fproduct_cat&post=13952"},{"taxonomy":"product_tag","embeddable":true,"href":"https:\/\/store.rektor.no\/index.php?rest_route=%2Fwp%2Fv2%2Fproduct_tag&post=13952"}],"curies":[{"name":"wp","href":"https:\/\/api.w.org\/{rel}","templated":true}]}}