{"id":13634,"date":"2023-05-15T08:13:13","date_gmt":"2023-05-15T08:13:13","guid":{"rendered":"https:\/\/store.rektor.no\/?product=classic-oc-t-029364"},"modified":"2023-06-02T13:28:14","modified_gmt":"2023-06-02T13:28:14","slug":"classic-oc-t-029364","status":"publish","type":"product","link":"https:\/\/store.rektor.no\/?product=classic-oc-t-029364","title":{"rendered":"Classic OC-T &#8211; 029364"},"content":{"rendered":"<p>Artikelnummer:029364<\/p>\n","protected":false},"excerpt":{"rendered":"<p>En modernisert t-shirt til herre laget av 100 % \u00f8kologisk bomull. T-skjorten er rundstrikket, har dobbel 1&#215;1 ribb i kragen, samt forsterkede skulders\u00f8mmer og nakkeb\u00e5nd. Classic OC T-shirt er forkrympet og enzymbehandlet.<\/p>\n","protected":false},"featured_media":13635,"template":"","meta":[],"product_cat":[106,311,278],"product_tag":[],"_links":{"self":[{"href":"https:\/\/store.rektor.no\/index.php?rest_route=\/wp\/v2\/product\/13634"}],"collection":[{"href":"https:\/\/store.rektor.no\/index.php?rest_route=\/wp\/v2\/product"}],"about":[{"href":"https:\/\/store.rektor.no\/index.php?rest_route=\/wp\/v2\/types\/product"}],"wp:featuredmedia":[{"embeddable":true,"href":"https:\/\/store.rektor.no\/index.php?rest_route=\/wp\/v2\/media\/13635"}],"wp:attachment":[{"href":"https:\/\/store.rektor.no\/index.php?rest_route=%2Fwp%2Fv2%2Fmedia&parent=13634"}],"wp:term":[{"taxonomy":"product_cat","embeddable":true,"href":"https:\/\/store.rektor.no\/index.php?rest_route=%2Fwp%2Fv2%2Fproduct_cat&post=13634"},{"taxonomy":"product_tag","embeddable":true,"href":"https:\/\/store.rektor.no\/index.php?rest_route=%2Fwp%2Fv2%2Fproduct_tag&post=13634"}],"curies":[{"name":"wp","href":"https:\/\/api.w.org\/{rel}","templated":true}]}}